{"id":1437,"date":"2023-12-13T21:45:22","date_gmt":"2023-12-14T05:45:22","guid":{"rendered":"https:\/\/sunnaidryager.com\/?post_type=product&#038;p=1437"},"modified":"2024-11-19T22:30:38","modified_gmt":"2024-11-20T06:30:38","slug":"enfriador-de-vinos-pequeno-independiente-de-dos-zonas-con-capacidad-para-24-botellas","status":"publish","type":"product","link":"https:\/\/sunnaidryager.com\/es\/producto\/enfriador-de-vinos-pequeno-independiente-de-dos-zonas-con-capacidad-para-24-botellas\/","title":{"rendered":"Enfriador de vinos peque\u00f1o independiente de dos zonas con capacidad para 24 botellas"},"content":{"rendered":"<p><strong>CARACTER\u00cdSTICAS DE LA PUERTA<\/strong><\/p>\n<p>Estilo de puerta: Hay puertas de vidrio negro y acero inoxidable disponibles.<\/p>\n<p>Estilo de manija de puerta: Tubular o personalizada<\/p>\n<p>Vidrio templado: S\u00ed<\/p>\n<p>Cerradura y llave: S\u00ed<\/p>\n<p><strong>CARACTER\u00cdSTICAS DE REFRIGERACI\u00d3N<\/strong><\/p>\n<p>Tipo de refrigeraci\u00f3n: Compresor<\/p>\n<p>Refrigerante: R600a<\/p>\n<p>Tipo de control de temperatura: t\u00e1ctil electr\u00f3nico (el bot\u00f3n es opcional)<\/p>\n<p><strong>DIMENSIONES Y CAPACIDAD<\/strong><\/p>\n<p>Dimensiones: 455 x 555 x 850 mm<\/p>\n<p>Peso bruto: 37 kg (104 lb)<\/p>\n<p>Carga: 100 piezas\/20 GP; 210 piezas\/40 HQ<\/p>\n<p><strong>CARACTER\u00cdSTICAS DE LAS ESTANTER\u00cdAS<\/strong><\/p>\n<p>Estilo de estanter\u00eda: Estante deslizante de 5 piezas<\/p>\n<p>Material de la estanter\u00eda: Madera de playa<\/p>\n<p>Extensi\u00f3n de estante: 55%<\/p>","protected":false},"excerpt":{"rendered":"<ul>\n<li><span style=\"color: #808080;\"><span style=\"vertical-align: inherit;\">Modelo: SW-24<\/span><\/span><\/li>\n<li><span style=\"color: #808080;\">Estilo de puerta: Hay puertas de vidrio negro y acero inoxidable disponibles. <\/span><\/li>\n<li><span style=\"color: #808080;\">Estilo de manija de puerta: Tubular <\/span><\/li>\n<li><span style=\"color: #808080;\">Vidrio templado: S\u00ed<\/span><\/li>\n<li>Descripci\u00f3n: Esta vinoteca de compresor tiene capacidad para 24 botellas est\u00e1ndar de 750 ml. Est\u00e1 disponible con marcos de puerta, manijas, botones, logotipos personalizados y m\u00e1s opciones.<\/li>\n<li>Caracter\u00edstica:<\/li>\n<li>Zona superior: 5-20 \u2103\/41-68 \u2109<\/li>\n<li>Zona inferior: 5-20 \u2103\/41-68 \u2109<\/li>\n<li>Tipo de descongelaci\u00f3n: descongelaci\u00f3n autom\u00e1tica<\/li>\n<\/ul>","protected":false},"featured_media":1405,"template":"","meta":{"_acf_changed":false,"_seopress_robots_primary_cat":"none","_seopress_titles_title":"","_seopress_titles_desc":"","_seopress_robots_index":""},"product_brand":[],"product_cat":[22],"product_tag":[],"class_list":{"0":"post-1437","1":"product","2":"type-product","3":"status-publish","4":"has-post-thumbnail","6":"product_cat-wine-cooler-manufacturer","7":"pa_installation-type-built-in","8":"pa_installation-type-freestanding","9":"pa_number-of-temperature-zones-dual-zone","11":"first","12":"onbackorder","13":"shipping-taxable","14":"product-type-simple"},"acf":[],"_links":{"self":[{"href":"https:\/\/sunnaidryager.com\/es\/wp-json\/wp\/v2\/product\/1437","targetHints":{"allow":["GET"]}}],"collection":[{"href":"https:\/\/sunnaidryager.com\/es\/wp-json\/wp\/v2\/product"}],"about":[{"href":"https:\/\/sunnaidryager.com\/es\/wp-json\/wp\/v2\/types\/product"}],"wp:featuredmedia":[{"embeddable":true,"href":"https:\/\/sunnaidryager.com\/es\/wp-json\/wp\/v2\/media\/1405"}],"wp:attachment":[{"href":"https:\/\/sunnaidryager.com\/es\/wp-json\/wp\/v2\/media?parent=1437"}],"wp:term":[{"taxonomy":"product_brand","embeddable":true,"href":"https:\/\/sunnaidryager.com\/es\/wp-json\/wp\/v2\/product_brand?post=1437"},{"taxonomy":"product_cat","embeddable":true,"href":"https:\/\/sunnaidryager.com\/es\/wp-json\/wp\/v2\/product_cat?post=1437"},{"taxonomy":"product_tag","embeddable":true,"href":"https:\/\/sunnaidryager.com\/es\/wp-json\/wp\/v2\/product_tag?post=1437"}],"curies":[{"name":"wp","href":"https:\/\/api.w.org\/{rel}","templated":true}]}}