{"id":1721,"date":"2023-12-21T23:10:15","date_gmt":"2023-12-22T07:10:15","guid":{"rendered":"https:\/\/sunnaidryager.com\/?post_type=product&#038;p=1721"},"modified":"2024-08-21T02:19:38","modified_gmt":"2024-08-21T10:19:38","slug":"refrigerador-de-vinos-de-doble-zona-con-compresor-personalizado-para-24-botellas","status":"publish","type":"product","link":"https:\/\/sunnaidryager.com\/es\/producto\/refrigerador-de-vinos-de-doble-zona-con-compresor-personalizado-para-24-botellas\/","title":{"rendered":"Refrigerador de vinos de doble zona con compresor personalizado para 24 botellas"},"content":{"rendered":"<p><strong>CARACTER\u00cdSTICAS DE LA PUERTA<\/strong><\/p>\n<p>Estilo de puerta: Hay puertas de vidrio negro y acero inoxidable disponibles.<\/p>\n<p>Estilo de manija de puerta: Tubular<\/p>\n<p>Vidrio templado: S\u00ed<\/p>\n<p>Cerradura y llave: S\u00ed<\/p>\n<p><strong>CARACTER\u00cdSTICAS DE REFRIGERACI\u00d3N<\/strong><\/p>\n<p>Ubicaci\u00f3n de ventilaci\u00f3n: Parte inferior<\/p>\n<p>Tipo de refrigeraci\u00f3n: Compresor<\/p>\n<p>Refrigerante: R600a<\/p>\n<p>Tipo de control de temperatura: t\u00e1ctil electr\u00f3nico (el bot\u00f3n es opcional)<\/p>\n<p><img loading=\"lazy\" decoding=\"async\" class=\"alignnone wp-image-1735\" src=\"http:\/\/sunnaidryager.com\/wp-content\/uploads\/2023\/12\/20231222161249-300x61.jpg\" alt=\"\" width=\"773\" height=\"157\" srcset=\"https:\/\/sunnaidryager.com\/wp-content\/uploads\/2023\/12\/20231222161249-300x61.jpg 300w, https:\/\/sunnaidryager.com\/wp-content\/uploads\/2023\/12\/20231222161249-600x123.jpg 600w, https:\/\/sunnaidryager.com\/wp-content\/uploads\/2023\/12\/20231222161249-768x157.jpg 768w, https:\/\/sunnaidryager.com\/wp-content\/uploads\/2023\/12\/20231222161249.jpg 1425w\" sizes=\"auto, (max-width: 773px) 100vw, 773px\" \/><\/p>\n<p><strong>DIMENSIONES Y CAPACIDAD<\/strong><\/p>\n<p>Dimensiones: 455 x 555 x 850 mm<\/p>\n<p>Peso bruto: 37 kg (104 lb)<\/p>\n<p>Carga: 100 piezas\/20 GP; 210 piezas\/40 HQ<\/p>\n<p><strong>CARACTER\u00cdSTICAS DE LAS ESTANTER\u00cdAS<\/strong><\/p>\n<p>Estilo de estanter\u00eda: Estante deslizante de 5 piezas<\/p>\n<p>Material de la estanter\u00eda: Madera de playa<\/p>\n<p>Extensi\u00f3n de estante: 55%<\/p>","protected":false},"excerpt":{"rendered":"<ul>\n<li><span style=\"color: #808080;\"><span style=\"vertical-align: inherit;\">Modelo: SW-24E<\/span> <\/span><\/li>\n<li><span style=\"color: #808080;\">Estilo de puerta: Disponible en vidrio negro y puerta de acero inoxidable. <\/span><\/li>\n<li><span style=\"color: #808080;\">Estilo de manija de puerta: Tubular <\/span><\/li>\n<li><span style=\"color: #808080;\">Vidrio templado: S\u00ed<\/span><\/li>\n<\/ul>\n<p>&nbsp;<\/p>","protected":false},"featured_media":1415,"template":"","meta":{"_acf_changed":false,"_seopress_robots_primary_cat":"none","_seopress_titles_title":"","_seopress_titles_desc":"","_seopress_robots_index":""},"product_brand":[],"product_cat":[22],"product_tag":[],"class_list":{"0":"post-1721","1":"product","2":"type-product","3":"status-publish","4":"has-post-thumbnail","6":"product_cat-wine-cooler-manufacturer","7":"pa_installation-type-built-in","8":"pa_installation-type-freestanding","9":"pa_number-of-temperature-zones-dual-zone","11":"first","12":"instock","13":"shipping-taxable","14":"product-type-simple"},"acf":[],"_links":{"self":[{"href":"https:\/\/sunnaidryager.com\/es\/wp-json\/wp\/v2\/product\/1721","targetHints":{"allow":["GET"]}}],"collection":[{"href":"https:\/\/sunnaidryager.com\/es\/wp-json\/wp\/v2\/product"}],"about":[{"href":"https:\/\/sunnaidryager.com\/es\/wp-json\/wp\/v2\/types\/product"}],"wp:featuredmedia":[{"embeddable":true,"href":"https:\/\/sunnaidryager.com\/es\/wp-json\/wp\/v2\/media\/1415"}],"wp:attachment":[{"href":"https:\/\/sunnaidryager.com\/es\/wp-json\/wp\/v2\/media?parent=1721"}],"wp:term":[{"taxonomy":"product_brand","embeddable":true,"href":"https:\/\/sunnaidryager.com\/es\/wp-json\/wp\/v2\/product_brand?post=1721"},{"taxonomy":"product_cat","embeddable":true,"href":"https:\/\/sunnaidryager.com\/es\/wp-json\/wp\/v2\/product_cat?post=1721"},{"taxonomy":"product_tag","embeddable":true,"href":"https:\/\/sunnaidryager.com\/es\/wp-json\/wp\/v2\/product_tag?post=1721"}],"curies":[{"name":"wp","href":"https:\/\/api.w.org\/{rel}","templated":true}]}}