{"id":2046,"date":"2023-12-29T01:06:32","date_gmt":"2023-12-29T09:06:32","guid":{"rendered":"https:\/\/sunnaidryager.com\/?post_type=product&#038;p=2046"},"modified":"2024-08-21T02:18:26","modified_gmt":"2024-08-21T10:18:26","slug":"nevera-independiente-pequena-de-dos-zonas-con-capacidad-para-champan-y-vino-integrada","status":"publish","type":"product","link":"https:\/\/sunnaidryager.com\/es\/producto\/nevera-independiente-pequena-de-dos-zonas-con-capacidad-para-champan-y-vino-integrada\/","title":{"rendered":"Refrigerador independiente peque\u00f1o de dos zonas para vino y champ\u00e1n integrado"},"content":{"rendered":"<p>CARACTER\u00cdSTICAS DE LA PUERTA<\/p>\n<p>Estilo de puerta: Hay puertas de vidrio negro y acero inoxidable disponibles.<\/p>\n<p>Estilo de manija de puerta: Tubular<\/p>\n<p>Dimensiones: D24.8xW15.5xH40.75 pulgadas<\/p>\n<p>&nbsp;<\/p>\n<p>Vidrio templado: S\u00ed<\/p>\n<p>Cerradura y llave: S\u00ed<\/p>\n<p>CARACTER\u00cdSTICAS DE REFRIGERACI\u00d3N<\/p>\n<p>Tipo de refrigeraci\u00f3n: Compresor<\/p>\n<p>Refrigerante: R600a<\/p>\n<p>Tipo de control de temperatura: t\u00e1ctil electr\u00f3nico (el bot\u00f3n es opcional)<\/p>\n<p>DIMENSIONES Y CAPACIDAD<\/p>\n<p>CARACTER\u00cdSTICAS DE LAS ESTANTER\u00cdAS<\/p>\n<p>Estilo de estanter\u00eda: 6 estantes de madera<\/p>\n<p>Material de la estanter\u00eda: Madera de playa<\/p>\n<p>Extensi\u00f3n de estante: 55%<\/p>","protected":false},"excerpt":{"rendered":"<ul>\n<li><span style=\"color: #808080;\"><span style=\"vertical-align: inherit;\">Modelo: SW-38<\/span><\/span><\/li>\n<li><span style=\"color: #808080;\"><strong>Describir:<\/strong> Este es un enfriador de vino refrigerado por compresi\u00f3n que puede contener hasta 38 botellas de vino est\u00e1ndar de 750 ml, con marcos de puertas, manijas, botones, logotipos personalizados y m\u00e1s opcionales.<\/span><\/li>\n<li><strong><span style=\"color: #808080;\">Caracter\u00edstica:<\/span><\/strong><\/li>\n<li><span style=\"color: #808080;\">Tipo de refrigeraci\u00f3n: compresor<\/span><\/li>\n<li><span style=\"color: #808080;\">Refrigerante: R600a\/R134a<\/span><\/li>\n<li><span style=\"color: #808080;\">Zona superior: 5-20 \u2103\/41-68 \u2109<\/span><\/li>\n<li><span style=\"color: #808080;\">Zona inferior: 5-20 \u2103\/41-68 \u2109<\/span><\/li>\n<li><span style=\"color: #808080;\">Tipo de control de temperatura: t\u00e1ctil electr\u00f3nico (el bot\u00f3n es opcional)<\/span><\/li>\n<li><span style=\"color: #808080;\">Tipo de descongelaci\u00f3n: descongelaci\u00f3n autom\u00e1tica<\/span><\/li>\n<li><span style=\"color: #808080;\">Cerradura y llave: s\u00ed <\/span><\/li>\n<li><span style=\"color: #808080;\">Vidrio templado: S\u00ed<\/span><\/li>\n<\/ul>\n<p>&nbsp;<\/p>","protected":false},"featured_media":1828,"template":"","meta":{"_acf_changed":false,"_seopress_robots_primary_cat":"none","_seopress_titles_title":"","_seopress_titles_desc":"","_seopress_robots_index":""},"product_brand":[],"product_cat":[22],"product_tag":[],"class_list":{"0":"post-2046","1":"product","2":"type-product","3":"status-publish","4":"has-post-thumbnail","6":"product_cat-wine-cooler-manufacturer","7":"pa_installation-type-freestanding","8":"pa_number-of-temperature-zones-dual-zone","10":"first","11":"outofstock","12":"shipping-taxable","13":"product-type-simple"},"acf":[],"_links":{"self":[{"href":"https:\/\/sunnaidryager.com\/es\/wp-json\/wp\/v2\/product\/2046","targetHints":{"allow":["GET"]}}],"collection":[{"href":"https:\/\/sunnaidryager.com\/es\/wp-json\/wp\/v2\/product"}],"about":[{"href":"https:\/\/sunnaidryager.com\/es\/wp-json\/wp\/v2\/types\/product"}],"wp:featuredmedia":[{"embeddable":true,"href":"https:\/\/sunnaidryager.com\/es\/wp-json\/wp\/v2\/media\/1828"}],"wp:attachment":[{"href":"https:\/\/sunnaidryager.com\/es\/wp-json\/wp\/v2\/media?parent=2046"}],"wp:term":[{"taxonomy":"product_brand","embeddable":true,"href":"https:\/\/sunnaidryager.com\/es\/wp-json\/wp\/v2\/product_brand?post=2046"},{"taxonomy":"product_cat","embeddable":true,"href":"https:\/\/sunnaidryager.com\/es\/wp-json\/wp\/v2\/product_cat?post=2046"},{"taxonomy":"product_tag","embeddable":true,"href":"https:\/\/sunnaidryager.com\/es\/wp-json\/wp\/v2\/product_tag?post=2046"}],"curies":[{"name":"wp","href":"https:\/\/api.w.org\/{rel}","templated":true}]}}