{"id":2154,"date":"2024-01-02T01:46:11","date_gmt":"2024-01-02T09:46:11","guid":{"rendered":"https:\/\/sunnaidryager.com\/?post_type=product&#038;p=2154"},"modified":"2024-08-21T02:13:47","modified_gmt":"2024-08-21T10:13:47","slug":"refrigerador-electrico-empotrado-para-almacenamiento-de-vino-y-champan-con-cerradura","status":"publish","type":"product","link":"https:\/\/sunnaidryager.com\/es\/producto\/refrigerador-electrico-empotrado-para-almacenamiento-de-vino-y-champan-con-cerradura\/","title":{"rendered":"Refrigerador el\u00e9ctrico empotrado para almacenar vino y champ\u00e1n con cerradura"},"content":{"rendered":"<p>CARACTER\u00cdSTICAS DE LA PUERTA<\/p>\n<p>Estilo de puerta: Hay puertas de vidrio negro y acero inoxidable disponibles.<\/p>\n<p>Estilo de manija de puerta: Tubular o curva<\/p>\n<p>Dimensiones: 595 W * 573 D * 820 H<\/p>\n<p>Peso bruto: 49 kg<\/p>\n<p>Peso neto: 53 kg<\/p>\n<p>Carga: 54 piezas\/20 GP; 108 piezas\/40 HQ<\/p>\n<p>Estilo de estanter\u00eda: 5 estantes de madera de haya<\/p>\n<p>Material de la estanter\u00eda: Madera de playa<\/p>\n<p>Tipo de instalaci\u00f3n: Independiente o empotrada<\/p>\n<p>Capacidad: 54 botellas de vino.<\/p>\n<p>Volumen: 154L<\/p>\n<p>Clase de eficiencia energ\u00e9tica: G<\/p>\n<p>Opci\u00f3n: marco de puerta, manija, tipo de iluminaci\u00f3n, tipo de control y m\u00e1s.<\/p>","protected":false},"excerpt":{"rendered":"<ul>\n<li><span style=\"color: #808080;\"><span style=\"vertical-align: inherit;\">Modelo: SW-51<\/span><\/span><\/li>\n<li><span style=\"color: #808080;\"><strong>Describir:<\/strong> Este es un enfriador de vino refrigerado por compresi\u00f3n que puede contener hasta 51 botellas de vino est\u00e1ndar de 750 ml, con marcos de puertas, manijas, botones, logotipos personalizados y m\u00e1s opcionales.<\/span><\/li>\n<li><strong><span style=\"color: #808080;\">Caracter\u00edstica:<\/span><\/strong><\/li>\n<li><span style=\"color: #808080;\">Tipo de refrigeraci\u00f3n: compresor<\/span><\/li>\n<li><span style=\"color: #808080;\">Refrigerante: R600a\/R134a<\/span><\/li>\n<li><span style=\"color: #808080;\">Zona superior: 5-20 \u2103\/41-68 \u2109<\/span><\/li>\n<li><span style=\"color: #808080;\">Zona inferior: 5-20 \u2103\/41-68 \u2109<\/span><\/li>\n<li><span style=\"color: #808080;\">Tipo de control de temperatura: t\u00e1ctil electr\u00f3nico (el bot\u00f3n es opcional)<\/span><\/li>\n<li><span style=\"color: #808080;\">Tipo de descongelaci\u00f3n: descongelaci\u00f3n autom\u00e1tica<\/span><\/li>\n<li><span style=\"color: #808080;\">Cerradura y llave: s\u00ed <\/span><\/li>\n<li><span style=\"color: #808080;\">Vidrio templado: S\u00ed<\/span><\/li>\n<\/ul>","protected":false},"featured_media":1868,"template":"","meta":{"_acf_changed":false,"_seopress_robots_primary_cat":"none","_seopress_titles_title":"","_seopress_titles_desc":"","_seopress_robots_index":""},"product_brand":[],"product_cat":[22],"product_tag":[],"class_list":{"0":"post-2154","1":"product","2":"type-product","3":"status-publish","4":"has-post-thumbnail","6":"product_cat-wine-cooler-manufacturer","7":"pa_installation-type-freestanding","8":"pa_number-of-temperature-zones-dual-zone","10":"first","11":"instock","12":"shipping-taxable","13":"product-type-simple"},"acf":[],"_links":{"self":[{"href":"https:\/\/sunnaidryager.com\/es\/wp-json\/wp\/v2\/product\/2154","targetHints":{"allow":["GET"]}}],"collection":[{"href":"https:\/\/sunnaidryager.com\/es\/wp-json\/wp\/v2\/product"}],"about":[{"href":"https:\/\/sunnaidryager.com\/es\/wp-json\/wp\/v2\/types\/product"}],"wp:featuredmedia":[{"embeddable":true,"href":"https:\/\/sunnaidryager.com\/es\/wp-json\/wp\/v2\/media\/1868"}],"wp:attachment":[{"href":"https:\/\/sunnaidryager.com\/es\/wp-json\/wp\/v2\/media?parent=2154"}],"wp:term":[{"taxonomy":"product_brand","embeddable":true,"href":"https:\/\/sunnaidryager.com\/es\/wp-json\/wp\/v2\/product_brand?post=2154"},{"taxonomy":"product_cat","embeddable":true,"href":"https:\/\/sunnaidryager.com\/es\/wp-json\/wp\/v2\/product_cat?post=2154"},{"taxonomy":"product_tag","embeddable":true,"href":"https:\/\/sunnaidryager.com\/es\/wp-json\/wp\/v2\/product_tag?post=2154"}],"curies":[{"name":"wp","href":"https:\/\/api.w.org\/{rel}","templated":true}]}}