{"id":2550,"date":"2024-01-16T19:25:37","date_gmt":"2024-01-17T03:25:37","guid":{"rendered":"https:\/\/sunnaidryager.com\/?post_type=product&#038;p=2550"},"modified":"2024-05-30T00:40:15","modified_gmt":"2024-05-30T08:40:15","slug":"mini-refrigerador-de-maduracion-en-seco-para-carne-de-res-venta-al-por-mayor","status":"publish","type":"product","link":"https:\/\/sunnaidryager.com\/es\/producto\/mini-refrigerador-de-maduracion-en-seco-para-carne-de-res-venta-al-por-mayor\/","title":{"rendered":"Mini refrigerador de maduraci\u00f3n en seco para carne de res y bistec"},"content":{"rendered":"<p><strong>CARACTER\u00cdSTICAS DE LA PUERTA<\/strong><\/p>\n<p>Estilo de puerta: Puertas de acero inoxidable<\/p>\n<p>Estilo de manija de puerta: Tubular o curva<\/p>\n<p>Dimensiones: An. 430 x Al. 690 x Pr. 507 mm \/ An. 16,9\u2033 x Al. 27,2\u2033 x Pr. 20,0\u2033<\/p>\n<p>Peso bruto: \/<\/p>\n<p>Peso neto: 35 kg<\/p>\n<p>Carga: 132 piezas\/20 GP; 276 piezas\/40 HQ<\/p>\n<p>Estilo de estanter\u00eda: 2 estantes<\/p>\n<p>Tipo de instalaci\u00f3n: Independiente<\/p>\n<p>Volumen: 52L<\/p>\n<p>Opci\u00f3n: mango, tipo de iluminaci\u00f3n, tipo de control y m\u00e1s.<\/p>","protected":false},"excerpt":{"rendered":"<ul>\n<li>Modelo: SN-52<\/li>\n<li><strong>Caracter\u00edstica:<\/strong><\/li>\n<li>Tipo de refrigeraci\u00f3n: compresor<\/li>\n<li>Refrigerante: R600a\/R134a<\/li>\n<li>Control de temperatura: 2-14 \u2103\/35,6-57,2 \u2109<\/li>\n<li>Rango de humedad: 50-85%<\/li>\n<li>Tipo de control de temperatura: t\u00e1ctil electr\u00f3nico (el bot\u00f3n es opcional)<\/li>\n<li>Tipo de descongelaci\u00f3n: descongelaci\u00f3n autom\u00e1tica<\/li>\n<li>Cerradura y llave: s\u00ed<\/li>\n<li>Vidrio templado: S\u00ed<\/li>\n<\/ul>","protected":false},"featured_media":2553,"template":"","meta":{"_acf_changed":false,"_seopress_robots_primary_cat":"none","_seopress_titles_title":"","_seopress_titles_desc":"","_seopress_robots_index":"yes"},"product_brand":[],"product_cat":[27],"product_tag":[],"class_list":{"0":"post-2550","1":"product","2":"type-product","3":"status-publish","4":"has-post-thumbnail","6":"product_cat-dry-age-fridge-manufacturer","8":"first","9":"instock","10":"shipping-taxable","11":"product-type-simple"},"acf":[],"_links":{"self":[{"href":"https:\/\/sunnaidryager.com\/es\/wp-json\/wp\/v2\/product\/2550","targetHints":{"allow":["GET"]}}],"collection":[{"href":"https:\/\/sunnaidryager.com\/es\/wp-json\/wp\/v2\/product"}],"about":[{"href":"https:\/\/sunnaidryager.com\/es\/wp-json\/wp\/v2\/types\/product"}],"wp:featuredmedia":[{"embeddable":true,"href":"https:\/\/sunnaidryager.com\/es\/wp-json\/wp\/v2\/media\/2553"}],"wp:attachment":[{"href":"https:\/\/sunnaidryager.com\/es\/wp-json\/wp\/v2\/media?parent=2550"}],"wp:term":[{"taxonomy":"product_brand","embeddable":true,"href":"https:\/\/sunnaidryager.com\/es\/wp-json\/wp\/v2\/product_brand?post=2550"},{"taxonomy":"product_cat","embeddable":true,"href":"https:\/\/sunnaidryager.com\/es\/wp-json\/wp\/v2\/product_cat?post=2550"},{"taxonomy":"product_tag","embeddable":true,"href":"https:\/\/sunnaidryager.com\/es\/wp-json\/wp\/v2\/product_tag?post=2550"}],"curies":[{"name":"wp","href":"https:\/\/api.w.org\/{rel}","templated":true}]}}