{"id":2571,"date":"2024-01-16T20:00:51","date_gmt":"2024-01-17T04:00:51","guid":{"rendered":"https:\/\/sunnaidryager.com\/?post_type=product&#038;p=2571"},"modified":"2024-05-22T18:58:01","modified_gmt":"2024-05-23T02:58:01","slug":"gabinete-de-maduracion-en-seco-para-carne-de-res-de-415-l-fabricado-por-oem-para-uso-comercial","status":"publish","type":"product","link":"https:\/\/sunnaidryager.com\/es\/producto\/gabinete-de-maduracion-en-seco-para-carne-de-res-de-415-l-fabricado-por-oem-para-uso-comercial\/","title":{"rendered":"M\u00e1quina de maduraci\u00f3n en seco comercial de 415 l para carne de res, f\u00e1brica OEM"},"content":{"rendered":"<p><strong>CARACTER\u00cdSTICAS DE LA PUERTA<\/strong><\/p>\n<p>Estilo de puerta: Puertas de acero inoxidable<\/p>\n<p>Estilo de manija de puerta: Tubular o curva<\/p>\n<p>Dimensiones: 595 x 1860 x 685 mm (ancho x alto x profundidad)<\/p>\n<p>Peso bruto: \/<\/p>\n<p>Peso neto: 131 kg<\/p>\n<p>Carga: 27 piezas\/20 GP; 54 piezas\/40 HQ<\/p>\n<p>Estilo de estanter\u00eda: 6 estantes<\/p>\n<p>Tipo de instalaci\u00f3n: Independiente<\/p>\n<p>Volumen: 415L<\/p>\n<p>Opci\u00f3n: mango, tipo de iluminaci\u00f3n, tipo de control y m\u00e1s.<\/p>","protected":false},"excerpt":{"rendered":"<ul>\n<li>Modelo: SN-415<\/li>\n<li>Caracter\u00edstica:<\/li>\n<li>Tipo de refrigeraci\u00f3n: compresor<\/li>\n<li>Refrigerante: R600a\/R134a<\/li>\n<li>Control de temperatura: 2-14 \u2103\/35,6-57,2 \u2109<\/li>\n<li>Rango de humedad: 50-85%<\/li>\n<li>Tipo de control de temperatura: t\u00e1ctil electr\u00f3nico (el bot\u00f3n es opcional)<\/li>\n<li>Tipo de descongelaci\u00f3n: descongelaci\u00f3n autom\u00e1tica<\/li>\n<li>Cerradura y llave: s\u00ed<\/li>\n<li>Vidrio templado: S\u00ed<\/li>\n<\/ul>","protected":false},"featured_media":2585,"template":"","meta":{"_acf_changed":false,"_seopress_robots_primary_cat":"none","_seopress_titles_title":"","_seopress_titles_desc":"","_seopress_robots_index":"yes"},"product_brand":[],"product_cat":[27],"product_tag":[],"class_list":{"0":"post-2571","1":"product","2":"type-product","3":"status-publish","4":"has-post-thumbnail","6":"product_cat-dry-age-fridge-manufacturer","8":"first","9":"instock","10":"shipping-taxable","11":"product-type-simple"},"acf":[],"_links":{"self":[{"href":"https:\/\/sunnaidryager.com\/es\/wp-json\/wp\/v2\/product\/2571","targetHints":{"allow":["GET"]}}],"collection":[{"href":"https:\/\/sunnaidryager.com\/es\/wp-json\/wp\/v2\/product"}],"about":[{"href":"https:\/\/sunnaidryager.com\/es\/wp-json\/wp\/v2\/types\/product"}],"wp:featuredmedia":[{"embeddable":true,"href":"https:\/\/sunnaidryager.com\/es\/wp-json\/wp\/v2\/media\/2585"}],"wp:attachment":[{"href":"https:\/\/sunnaidryager.com\/es\/wp-json\/wp\/v2\/media?parent=2571"}],"wp:term":[{"taxonomy":"product_brand","embeddable":true,"href":"https:\/\/sunnaidryager.com\/es\/wp-json\/wp\/v2\/product_brand?post=2571"},{"taxonomy":"product_cat","embeddable":true,"href":"https:\/\/sunnaidryager.com\/es\/wp-json\/wp\/v2\/product_cat?post=2571"},{"taxonomy":"product_tag","embeddable":true,"href":"https:\/\/sunnaidryager.com\/es\/wp-json\/wp\/v2\/product_tag?post=2571"}],"curies":[{"name":"wp","href":"https:\/\/api.w.org\/{rel}","templated":true}]}}