{"id":2586,"date":"2024-01-16T21:47:47","date_gmt":"2024-01-17T05:47:47","guid":{"rendered":"https:\/\/sunnaidryager.com\/?post_type=product&#038;p=2586"},"modified":"2024-05-30T00:36:45","modified_gmt":"2024-05-30T08:36:45","slug":"fabricante-chino-de-pequenos-armarios-de-maduracion-en-seco-para-el-hogar","status":"publish","type":"product","link":"https:\/\/sunnaidryager.com\/es\/producto\/fabricante-chino-de-pequenos-armarios-de-maduracion-en-seco-para-el-hogar\/","title":{"rendered":"Refrigerador de envejecimiento en seco peque\u00f1o de 75 litros, fabricante chino"},"content":{"rendered":"<p>CARACTER\u00cdSTICAS DE LA PUERTA<\/p>\n<p>Estilo de puerta: Puertas de acero inoxidable<\/p>\n<p>Estilo de manija de puerta: Tubular o curva<\/p>\n<p>Dimensiones: 395 x 875 x 545 mm (ancho x alto x profundidad)<\/p>\n<p>Peso bruto: \/<\/p>\n<p>Peso neto: 42 kg<\/p>\n<p>Carga: 96 piezas\/20 GP; 200 piezas\/40 HQ<\/p>\n<p>Estilo de estanter\u00eda: 3 estantes<\/p>\n<p>Tipo de instalaci\u00f3n: Independiente<\/p>\n<p>Volumen: 75L<\/p>\n<p>Opci\u00f3n: mango, tipo de iluminaci\u00f3n, tipo de control y m\u00e1s.<\/p>","protected":false},"excerpt":{"rendered":"<ul>\n<li>Modelo: SN-75<\/li>\n<li><strong>Caracter\u00edstica:<\/strong><\/li>\n<li><strong>Tipo de refrigeraci\u00f3n<\/strong>: compresor<\/li>\n<li><strong>Refrigerante<\/strong>:R600a\/R134a<\/li>\n<li><strong>Control de temperatura<\/strong>:2-14 \u00b0C\/35,6-57,2 \u00b0F<\/li>\n<li><strong>Rango de humedad<\/strong>:50-85%<\/li>\n<li><strong>Tipo de control de temperatura<\/strong>:t\u00e1ctil electr\u00f3nico (el bot\u00f3n es opcional)<\/li>\n<li><strong>Tipo de descongelaci\u00f3n<\/strong>: Descongelaci\u00f3n autom\u00e1tica<\/li>\n<li><strong>Cerradura y llave<\/strong>: S\u00ed<\/li>\n<li><strong>Vidrio templado<\/strong>: S\u00ed<\/li>\n<\/ul>","protected":false},"featured_media":2593,"template":"","meta":{"_acf_changed":false,"_seopress_robots_primary_cat":"none","_seopress_titles_title":"","_seopress_titles_desc":"","_seopress_robots_index":"yes"},"product_brand":[],"product_cat":[27],"product_tag":[],"class_list":{"0":"post-2586","1":"product","2":"type-product","3":"status-publish","4":"has-post-thumbnail","6":"product_cat-dry-age-fridge-manufacturer","8":"first","9":"instock","10":"shipping-taxable","11":"product-type-simple"},"acf":[],"_links":{"self":[{"href":"https:\/\/sunnaidryager.com\/es\/wp-json\/wp\/v2\/product\/2586","targetHints":{"allow":["GET"]}}],"collection":[{"href":"https:\/\/sunnaidryager.com\/es\/wp-json\/wp\/v2\/product"}],"about":[{"href":"https:\/\/sunnaidryager.com\/es\/wp-json\/wp\/v2\/types\/product"}],"wp:featuredmedia":[{"embeddable":true,"href":"https:\/\/sunnaidryager.com\/es\/wp-json\/wp\/v2\/media\/2593"}],"wp:attachment":[{"href":"https:\/\/sunnaidryager.com\/es\/wp-json\/wp\/v2\/media?parent=2586"}],"wp:term":[{"taxonomy":"product_brand","embeddable":true,"href":"https:\/\/sunnaidryager.com\/es\/wp-json\/wp\/v2\/product_brand?post=2586"},{"taxonomy":"product_cat","embeddable":true,"href":"https:\/\/sunnaidryager.com\/es\/wp-json\/wp\/v2\/product_cat?post=2586"},{"taxonomy":"product_tag","embeddable":true,"href":"https:\/\/sunnaidryager.com\/es\/wp-json\/wp\/v2\/product_tag?post=2586"}],"curies":[{"name":"wp","href":"https:\/\/api.w.org\/{rel}","templated":true}]}}