{"id":2607,"date":"2024-01-17T00:32:41","date_gmt":"2024-01-17T08:32:41","guid":{"rendered":"https:\/\/sunnaidryager.com\/?post_type=product&#038;p=2607"},"modified":"2024-05-10T23:42:18","modified_gmt":"2024-05-11T07:42:18","slug":"mini-refrigerador-para-exteriores-bajo-encimera-para-bebidas-y-cerveza-para-cocina","status":"publish","type":"product","link":"https:\/\/sunnaidryager.com\/es\/producto\/mini-refrigerador-para-exteriores-bajo-encimera-para-bebidas-y-cerveza-para-cocina\/","title":{"rendered":"Mini refrigerador para cocina, bajo encimera, para bebidas, cerveza, bar, exterior"},"content":{"rendered":"<p><strong>CARACTER\u00cdSTICAS DE LA PUERTA<\/strong><\/p>\n<p>Estilo de puerta: Hay puertas de acero inoxidable disponibles.<\/p>\n<p>Estilo de manija de puerta: Tubular o curva<\/p>\n<p>Dimensiones: An. 430 x Al. 690 x Pr. 507 mm \/ An. 16,9\u2033 x Al. 27,2\u2033 x Pr. 20,0\u2033<\/p>\n<p>Peso bruto: 31 kg<\/p>\n<p>Peso neto: 29 kg<\/p>\n<p>Carga: 132 piezas\/20 GP; 276 piezas\/40 HQ<\/p>\n<p>Estilo de estanter\u00eda: 2 estantes<\/p>\n<p>Tipo de instalaci\u00f3n: Independiente o empotrada<\/p>\n<p>Capacidad: 80 latas<\/p>\n<p>Volumen: 63L<\/p>\n<p>Clase de eficiencia energ\u00e9tica: A<\/p>\n<p>Opci\u00f3n: marco de puerta, manija, tipo de iluminaci\u00f3n, tipo de control y m\u00e1s.<\/p>","protected":false},"excerpt":{"rendered":"<ul>\n<li>Modelo: Modelo: SW-63<\/li>\n<li>Descripci\u00f3n: Compatible con armarios a juego, proyectos inmobiliarios, interiores y exteriores. Grado de impermeabilidad: IPX4.<\/li>\n<li>Caracter\u00edstica:<\/li>\n<li>Tipo de refrigeraci\u00f3n: compresor Refrigerante: R600a\/R134a<\/li>\n<li>Rango de control de temperatura: 1-10 \u2103\/33,8-50 \u2109<\/li>\n<li>Tipo de control: t\u00e1ctil electr\u00f3nico (bot\u00f3n o perilla es opcional)<\/li>\n<li>Cerradura y llave: s\u00ed<\/li>\n<li>Vidrio templado: S\u00ed<\/li>\n<li>Aplicaci\u00f3n: Exterior o interior.<\/li>\n<\/ul>","protected":false},"featured_media":2610,"template":"","meta":{"_acf_changed":false,"_seopress_robots_primary_cat":"none","_seopress_titles_title":"","_seopress_titles_desc":"","_seopress_robots_index":""},"product_brand":[],"product_cat":[24,25],"product_tag":[],"class_list":{"0":"post-2607","1":"product","2":"type-product","3":"status-publish","4":"has-post-thumbnail","6":"product_cat-beverage-cooler-manufacturer","7":"product_cat-wholesale-outdoor-beverage-cooler","9":"first","10":"instock","11":"shipping-taxable","12":"product-type-simple"},"acf":[],"_links":{"self":[{"href":"https:\/\/sunnaidryager.com\/es\/wp-json\/wp\/v2\/product\/2607","targetHints":{"allow":["GET"]}}],"collection":[{"href":"https:\/\/sunnaidryager.com\/es\/wp-json\/wp\/v2\/product"}],"about":[{"href":"https:\/\/sunnaidryager.com\/es\/wp-json\/wp\/v2\/types\/product"}],"wp:featuredmedia":[{"embeddable":true,"href":"https:\/\/sunnaidryager.com\/es\/wp-json\/wp\/v2\/media\/2610"}],"wp:attachment":[{"href":"https:\/\/sunnaidryager.com\/es\/wp-json\/wp\/v2\/media?parent=2607"}],"wp:term":[{"taxonomy":"product_brand","embeddable":true,"href":"https:\/\/sunnaidryager.com\/es\/wp-json\/wp\/v2\/product_brand?post=2607"},{"taxonomy":"product_cat","embeddable":true,"href":"https:\/\/sunnaidryager.com\/es\/wp-json\/wp\/v2\/product_cat?post=2607"},{"taxonomy":"product_tag","embeddable":true,"href":"https:\/\/sunnaidryager.com\/es\/wp-json\/wp\/v2\/product_tag?post=2607"}],"curies":[{"name":"wp","href":"https:\/\/api.w.org\/{rel}","templated":true}]}}