{"id":2877,"date":"2024-03-07T22:11:57","date_gmt":"2024-03-08T06:11:57","guid":{"rendered":"https:\/\/sunnaidryager.com\/?post_type=product&#038;p=2877"},"modified":"2024-08-21T01:59:19","modified_gmt":"2024-08-21T09:59:19","slug":"refrigerador-de-bebidas-bajo-encimera-para-exteriores-con-puerta-de-vidrio-de-acero-inoxidable-304-oem","status":"publish","type":"product","link":"https:\/\/sunnaidryager.com\/es\/producto\/refrigerador-de-bebidas-bajo-encimera-para-exteriores-con-puerta-de-vidrio-de-acero-inoxidable-304-oem\/","title":{"rendered":"Refrigerador de bebidas bajo encimera para exteriores con puerta de vidrio de acero inoxidable 304 OEM"},"content":{"rendered":"<p>Capacidad de botellas: 132 latas<\/p>\n<p>N\u00famero de estantes: 3<\/p>\n<p>Tope de puerta autom\u00e1tico: S\u00ed<\/p>\n<p>Vidrio con protecci\u00f3n UV: S\u00ed<\/p>\n<p>Iluminaci\u00f3n interior: LED<\/p>\n<p>Peso neto: 49 kg (108 libras)<\/p>\n<p>Peso bruto: 53 kg (117 libras)<\/p>\n<p>Dimensiones: P580xAn595xAl820 mm\/<br \/>\n22,8\u2033 de profundidad x 23,4\u2033 de ancho x 32,3\u2033 de alto<\/p>\n<p>Tecnolog\u00eda genial: Tecnolog\u00eda de compresores<\/p>\n<p>Refrigerante: R600a<\/p>\n<p>Clasificaci\u00f3n IP: IPX4<\/p>","protected":false},"excerpt":{"rendered":"<ul>\n<li>Modelo: Modelo: SY-51<\/li>\n<li>Descripci\u00f3n: Compatible con armarios a juego, proyectos inmobiliarios, interiores y exteriores. Grado de impermeabilidad: IPX4.<\/li>\n<li>Caracter\u00edstica:<\/li>\n<li>Tipo de refrigeraci\u00f3n: compresor Refrigerante: R600a\/R134a<\/li>\n<li>Rango de control de temperatura: 0-10 \u2103\/32-50 \u2109<\/li>\n<li>Tipo de control: t\u00e1ctil electr\u00f3nico (bot\u00f3n o perilla es opcional)<\/li>\n<li>Cerradura y llave: s\u00ed<\/li>\n<li>Vidrio templado: S\u00ed<\/li>\n<li>Aplicaci\u00f3n: Exterior o interior.<\/li>\n<\/ul>","protected":false},"featured_media":2886,"template":"","meta":{"_acf_changed":false,"_seopress_robots_primary_cat":"none","_seopress_titles_title":"","_seopress_titles_desc":"","_seopress_robots_index":""},"product_brand":[],"product_cat":[24,25],"product_tag":[],"class_list":{"0":"post-2877","1":"product","2":"type-product","3":"status-publish","4":"has-post-thumbnail","6":"product_cat-beverage-cooler-manufacturer","7":"product_cat-wholesale-outdoor-beverage-cooler","9":"first","10":"instock","11":"shipping-taxable","12":"product-type-simple"},"acf":[],"_links":{"self":[{"href":"https:\/\/sunnaidryager.com\/es\/wp-json\/wp\/v2\/product\/2877","targetHints":{"allow":["GET"]}}],"collection":[{"href":"https:\/\/sunnaidryager.com\/es\/wp-json\/wp\/v2\/product"}],"about":[{"href":"https:\/\/sunnaidryager.com\/es\/wp-json\/wp\/v2\/types\/product"}],"wp:featuredmedia":[{"embeddable":true,"href":"https:\/\/sunnaidryager.com\/es\/wp-json\/wp\/v2\/media\/2886"}],"wp:attachment":[{"href":"https:\/\/sunnaidryager.com\/es\/wp-json\/wp\/v2\/media?parent=2877"}],"wp:term":[{"taxonomy":"product_brand","embeddable":true,"href":"https:\/\/sunnaidryager.com\/es\/wp-json\/wp\/v2\/product_brand?post=2877"},{"taxonomy":"product_cat","embeddable":true,"href":"https:\/\/sunnaidryager.com\/es\/wp-json\/wp\/v2\/product_cat?post=2877"},{"taxonomy":"product_tag","embeddable":true,"href":"https:\/\/sunnaidryager.com\/es\/wp-json\/wp\/v2\/product_tag?post=2877"}],"curies":[{"name":"wp","href":"https:\/\/api.w.org\/{rel}","templated":true}]}}