{"id":2919,"date":"2024-03-07T23:08:12","date_gmt":"2024-03-08T07:08:12","guid":{"rendered":"https:\/\/sunnaidryager.com\/?post_type=product&#038;p=2919"},"modified":"2025-04-22T17:22:21","modified_gmt":"2025-04-23T01:22:21","slug":"enfriador-de-vino-y-bebidas-con-compresor-de-doble-zona-de-365-l-personalizado-fabricante-sunnai","status":"publish","type":"product","link":"https:\/\/sunnaidryager.com\/es\/producto\/enfriador-de-vino-y-bebidas-con-compresor-de-doble-zona-de-365-l-personalizado-fabricante-sunnai\/","title":{"rendered":"Enfriador de vino y bebidas Sunnai Custom Wholesale, grande, de 365 l y doble puerta con compresor"},"content":{"rendered":"<p><strong>CARACTER\u00cdSTICAS DE LA PUERTA:<\/strong><br \/>\nEstilo de puerta: Puerta de vidrio completo<br \/>\nEstilo de manija de puerta: manija curva<br \/>\nTipo de puerta: Puerta francesa<\/p>\n<p>Ubicaci\u00f3n de ventilaci\u00f3n: Abajo<\/p>\n<p><strong>DIMENSIONES Y CAPACIDAD<\/strong><br \/>\nDimensiones: P550xAn890xAl1627 mm<br \/>\n21,6\u2033 de profundidad x 35\u2033 de ancho x 64\u2033 de alto<br \/>\nPeso bruto: 124 kg (273 lb)<br \/>\nPeso neto: 113 kg (249 lb)<br \/>\nVolumen: 365 L (12,9 pies c\u00fabicos)<br \/>\nCapacidad: 60 botellas de vino + 174 latas<br \/>\nCARACTER\u00cdSTICAS DE LAS ESTANTER\u00cdAS<br \/>\nEstilo de estanter\u00eda: 13 estantes de alambre + 4 estantes de metal planos + 1 cesta<br \/>\nEstante con moldura de madera<br \/>\nMaterial de la estanter\u00eda: Madera de playa<br \/>\nExtensi\u00f3n de estante: 55%<\/p>\n<p>&nbsp;<\/p>","protected":false},"excerpt":{"rendered":"<ul>\n<li>Modelo: SW-122<\/li>\n<li>Describir: El producto se puede personalizar y ajustar seg\u00fan sus necesidades, existiendo la posibilidad de que ambas zonas sean zonas de vinos o zonas de bebidas.<\/li>\n<li><strong>Caracter\u00edstica:<\/strong><\/li>\n<li>Tipo de refrigeraci\u00f3n: compresor<\/li>\n<li>Refrigerante: R600a\/R134a<\/li>\n<li>Zona izquierda: 2-20 \u2103\/36-68 \u2109<\/li>\n<li>Zona derecha: 2-20 \u2103\/36-68 \u2109<\/li>\n<li>Tipo de control de temperatura: t\u00e1ctil electr\u00f3nico (el bot\u00f3n es opcional)<\/li>\n<li>Tipo de descongelaci\u00f3n: descongelaci\u00f3n autom\u00e1tica<\/li>\n<li>Cerradura y llave: s\u00ed<\/li>\n<li>Vidrio templado: S\u00ed<\/li>\n<\/ul>","protected":false},"featured_media":3748,"template":"","meta":{"_acf_changed":false,"_seopress_robots_primary_cat":"none","_seopress_titles_title":"","_seopress_titles_desc":"","_seopress_robots_index":"yes"},"product_brand":[],"product_cat":[24,22],"product_tag":[],"class_list":{"0":"post-2919","1":"product","2":"type-product","3":"status-publish","4":"has-post-thumbnail","6":"product_cat-beverage-cooler-manufacturer","7":"product_cat-wine-cooler-manufacturer","8":"pa_installation-type-freestanding","9":"pa_number-of-temperature-zones-dual-zone","11":"first","12":"instock","13":"shipping-taxable","14":"product-type-simple"},"acf":[],"_links":{"self":[{"href":"https:\/\/sunnaidryager.com\/es\/wp-json\/wp\/v2\/product\/2919","targetHints":{"allow":["GET"]}}],"collection":[{"href":"https:\/\/sunnaidryager.com\/es\/wp-json\/wp\/v2\/product"}],"about":[{"href":"https:\/\/sunnaidryager.com\/es\/wp-json\/wp\/v2\/types\/product"}],"wp:featuredmedia":[{"embeddable":true,"href":"https:\/\/sunnaidryager.com\/es\/wp-json\/wp\/v2\/media\/3748"}],"wp:attachment":[{"href":"https:\/\/sunnaidryager.com\/es\/wp-json\/wp\/v2\/media?parent=2919"}],"wp:term":[{"taxonomy":"product_brand","embeddable":true,"href":"https:\/\/sunnaidryager.com\/es\/wp-json\/wp\/v2\/product_brand?post=2919"},{"taxonomy":"product_cat","embeddable":true,"href":"https:\/\/sunnaidryager.com\/es\/wp-json\/wp\/v2\/product_cat?post=2919"},{"taxonomy":"product_tag","embeddable":true,"href":"https:\/\/sunnaidryager.com\/es\/wp-json\/wp\/v2\/product_tag?post=2919"}],"curies":[{"name":"wp","href":"https:\/\/api.w.org\/{rel}","templated":true}]}}