{"id":3037,"date":"2024-04-11T01:02:47","date_gmt":"2024-04-11T09:02:47","guid":{"rendered":"https:\/\/sunnaidryager.com\/?post_type=product&#038;p=3037"},"modified":"2024-05-30T01:00:54","modified_gmt":"2024-05-30T09:00:54","slug":"nevera-para-vinos-con-compresor-y-puerta-de-cristal-negra-de-171-botellas-con-control-de-doble-zona","status":"publish","type":"product","link":"https:\/\/sunnaidryager.com\/es\/producto\/nevera-para-vinos-con-compresor-y-puerta-de-cristal-negra-de-171-botellas-con-control-de-doble-zona\/","title":{"rendered":"Nevera para vinos con compresor, puerta de cristal y doble zona, color negro, para 171 botellas"},"content":{"rendered":"<p><strong>CARACTER\u00cdSTICAS DE LA PUERTA<\/strong><\/p>\n<p>Estilo de puerta: Hay puertas de vidrio negro y acero inoxidable disponibles.<\/p>\n<p>Estilo de manija de puerta: Tubular o curva<\/p>\n<p>Dimensiones: 595 x 680 x 1850 (mm) \/ 23,4 x 26,7 x 72,8 pulgadas<\/p>\n<p>Peso bruto: 97 kg<\/p>\n<p>Peso neto: 90 kg<\/p>\n<p>Carga: 24 piezas\/20 GP; 54 piezas\/40 HQ<\/p>\n<p>Estilo de estanter\u00eda: 1 estante inferior + 8 estantes superiores<\/p>\n<p>Material de la estanter\u00eda: Madera de playa<\/p>\n<p>Tipo de instalaci\u00f3n: Independiente o empotrada<\/p>\n<p>Capacidad: 171 botellas de vino.<\/p>\n<p>Volumen: 380L<\/p>\n<p>Clase de eficiencia energ\u00e9tica: G\/F<\/p>\n<p>Opci\u00f3n: marco de puerta, manija, tipo de iluminaci\u00f3n, tipo de control y m\u00e1s.<\/p>","protected":false},"excerpt":{"rendered":"<ul>\n<li>Modelo: SW-215<\/li>\n<li>Describir: Este es un enfriador de vino con compresor que puede contener hasta 171 botellas de vino est\u00e1ndar de 750 ml, con marcos de puertas, manijas, botones, logotipos personalizados y m\u00e1s opcionales.<\/li>\n<li>Caracter\u00edstica:<\/li>\n<li>Tipo de refrigeraci\u00f3n: compresor<\/li>\n<li>Refrigerante: R600a\/R134a<\/li>\n<li>Zona superior: 5-20 \u2103\/41-68 \u2109<\/li>\n<li>Zona inferior: 5-20 \u2103\/41-68 \u2109<\/li>\n<li>Tipo de control de temperatura: t\u00e1ctil electr\u00f3nico (el bot\u00f3n es opcional)<\/li>\n<li>Tipo de descongelaci\u00f3n: descongelaci\u00f3n autom\u00e1tica<\/li>\n<li>Cerradura y llave: s\u00ed<\/li>\n<li>Vidrio templado: S\u00ed<\/li>\n<\/ul>","protected":false},"featured_media":3041,"template":"","meta":{"_acf_changed":false,"_seopress_robots_primary_cat":"none","_seopress_titles_title":"","_seopress_titles_desc":"","_seopress_robots_index":""},"product_brand":[],"product_cat":[22],"product_tag":[],"class_list":{"0":"post-3037","1":"product","2":"type-product","3":"status-publish","4":"has-post-thumbnail","6":"product_cat-wine-cooler-manufacturer","7":"pa_installation-type-freestanding","8":"pa_number-of-temperature-zones-dual-zone","10":"first","11":"instock","12":"shipping-taxable","13":"product-type-simple"},"acf":[],"_links":{"self":[{"href":"https:\/\/sunnaidryager.com\/es\/wp-json\/wp\/v2\/product\/3037","targetHints":{"allow":["GET"]}}],"collection":[{"href":"https:\/\/sunnaidryager.com\/es\/wp-json\/wp\/v2\/product"}],"about":[{"href":"https:\/\/sunnaidryager.com\/es\/wp-json\/wp\/v2\/types\/product"}],"wp:featuredmedia":[{"embeddable":true,"href":"https:\/\/sunnaidryager.com\/es\/wp-json\/wp\/v2\/media\/3041"}],"wp:attachment":[{"href":"https:\/\/sunnaidryager.com\/es\/wp-json\/wp\/v2\/media?parent=3037"}],"wp:term":[{"taxonomy":"product_brand","embeddable":true,"href":"https:\/\/sunnaidryager.com\/es\/wp-json\/wp\/v2\/product_brand?post=3037"},{"taxonomy":"product_cat","embeddable":true,"href":"https:\/\/sunnaidryager.com\/es\/wp-json\/wp\/v2\/product_cat?post=3037"},{"taxonomy":"product_tag","embeddable":true,"href":"https:\/\/sunnaidryager.com\/es\/wp-json\/wp\/v2\/product_tag?post=3037"}],"curies":[{"name":"wp","href":"https:\/\/api.w.org\/{rel}","templated":true}]}}