{"id":1429,"date":"2023-12-13T20:19:07","date_gmt":"2023-12-14T04:19:07","guid":{"rendered":"https:\/\/sunnaidryager.com\/?post_type=product&#038;p=1429"},"modified":"2024-03-08T01:27:46","modified_gmt":"2024-03-08T09:27:46","slug":"refroidisseur-a-vin-integre-en-acier-inoxydable-a-vendre","status":"publish","type":"product","link":"https:\/\/sunnaidryager.com\/fr\/produit\/refroidisseur-a-vin-integre-en-acier-inoxydable-a-vendre\/","title":{"rendered":"Cave \u00e0 vin int\u00e9gr\u00e9e en acier inoxydable \u00e0 vendre"},"content":{"rendered":"","protected":false},"excerpt":{"rendered":"<p>Mod\u00e8le : SW-18<\/p>","protected":false},"featured_media":1404,"template":"","meta":{"_acf_changed":false,"_seopress_robots_primary_cat":"none","_seopress_titles_title":"","_seopress_titles_desc":"","_seopress_robots_index":""},"product_brand":[],"product_cat":[22],"product_tag":[],"class_list":{"0":"post-1429","1":"product","2":"type-product","3":"status-publish","4":"has-post-thumbnail","6":"product_cat-wine-cooler-manufacturer","7":"pa_installation-type-built-in","8":"pa_number-of-temperature-zones-single-zone","10":"first","11":"onbackorder","12":"shipping-taxable","13":"product-type-simple"},"acf":[],"_links":{"self":[{"href":"https:\/\/sunnaidryager.com\/fr\/wp-json\/wp\/v2\/product\/1429","targetHints":{"allow":["GET"]}}],"collection":[{"href":"https:\/\/sunnaidryager.com\/fr\/wp-json\/wp\/v2\/product"}],"about":[{"href":"https:\/\/sunnaidryager.com\/fr\/wp-json\/wp\/v2\/types\/product"}],"wp:featuredmedia":[{"embeddable":true,"href":"https:\/\/sunnaidryager.com\/fr\/wp-json\/wp\/v2\/media\/1404"}],"wp:attachment":[{"href":"https:\/\/sunnaidryager.com\/fr\/wp-json\/wp\/v2\/media?parent=1429"}],"wp:term":[{"taxonomy":"product_brand","embeddable":true,"href":"https:\/\/sunnaidryager.com\/fr\/wp-json\/wp\/v2\/product_brand?post=1429"},{"taxonomy":"product_cat","embeddable":true,"href":"https:\/\/sunnaidryager.com\/fr\/wp-json\/wp\/v2\/product_cat?post=1429"},{"taxonomy":"product_tag","embeddable":true,"href":"https:\/\/sunnaidryager.com\/fr\/wp-json\/wp\/v2\/product_tag?post=1429"}],"curies":[{"name":"wp","href":"https:\/\/api.w.org\/{rel}","templated":true}]}}