{"id":1437,"date":"2023-12-13T21:45:22","date_gmt":"2023-12-14T05:45:22","guid":{"rendered":"https:\/\/sunnaidryager.com\/?post_type=product&#038;p=1437"},"modified":"2024-11-19T22:30:38","modified_gmt":"2024-11-20T06:30:38","slug":"petite-cave-a-vin-autonome-a-double-zone-pour-24-bouteilles","status":"publish","type":"product","link":"https:\/\/sunnaidryager.com\/fr\/produit\/petite-cave-a-vin-autonome-a-double-zone-pour-24-bouteilles\/","title":{"rendered":"Petite cave \u00e0 vin autonome \u00e0 double zone pour 24 bouteilles"},"content":{"rendered":"<p><strong>CARACT\u00c9RISTIQUES DE LA PORTE<\/strong><\/p>\n<p>Style de porte : Des portes en verre noir et en acier inoxydable sont disponibles<\/p>\n<p>Style de poign\u00e9e de porte : tubulaire ou personnalis\u00e9e<\/p>\n<p>Verre tremp\u00e9 : Oui<\/p>\n<p>Serrure et cl\u00e9 : Oui<\/p>\n<p><strong>CARACT\u00c9RISTIQUES DE REFROIDISSEMENT<\/strong><\/p>\n<p>Type de refroidissement : Compresseur<\/p>\n<p>R\u00e9frig\u00e9rant : R600a<\/p>\n<p>Type de contr\u00f4le de la temp\u00e9rature : tactile \u00e9lectronique (le bouton est facultatif)<\/p>\n<p><strong>DIMENSIONS ET CAPACIT\u00c9<\/strong><\/p>\n<p>Dimensions : L455 x L555 x H850 mm<\/p>\n<p>Poids brut : 37 kg (104 lb)<\/p>\n<p>Chargement : 100 pi\u00e8ces\/20GP ; 210 pi\u00e8ces\/40HQ<\/p>\n<p><strong>CARACT\u00c9RISTIQUES DES \u00c9TAG\u00c8RES<\/strong><\/p>\n<p>Style d&#039;\u00e9tag\u00e8re : 5 \u00e9tag\u00e8res coulissantes<\/p>\n<p>Mat\u00e9riau des \u00e9tag\u00e8res : Beachwood<\/p>\n<p>Rallonge d&#039;\u00e9tag\u00e8re : 55%<\/p>","protected":false},"excerpt":{"rendered":"<ul>\n<li><span style=\"color: #808080;\"><span style=\"vertical-align: inherit;\">Mod\u00e8le : SW-24<\/span><\/span><\/li>\n<li><span style=\"color: #808080;\">Style de porte : Des portes en verre noir et en acier inoxydable sont disponibles <\/span><\/li>\n<li><span style=\"color: #808080;\">Style de poign\u00e9e de porte : tubulaire <\/span><\/li>\n<li><span style=\"color: #808080;\">Verre tremp\u00e9 : Oui<\/span><\/li>\n<li>Description\u00a0: Ce refroidisseur \u00e0 vin \u00e0 compresseur peut contenir jusqu&#039;\u00e0 24 bouteilles standard de 750\u00a0ml. Il est disponible avec des options telles que des cadres de porte, des poign\u00e9es, des boutons, des logos personnalis\u00e9s, etc.<\/li>\n<li>Fonctionnalit\u00e9:<\/li>\n<li>Zone sup\u00e9rieure : 5-20 \u2103\/41-68 \u2109<\/li>\n<li>Zone inf\u00e9rieure : 5-20\u2103\/41-68\u2109<\/li>\n<li>Type de d\u00e9givrage : D\u00e9givrage automatique<\/li>\n<\/ul>","protected":false},"featured_media":1405,"template":"","meta":{"_acf_changed":false,"_seopress_robots_primary_cat":"none","_seopress_titles_title":"","_seopress_titles_desc":"","_seopress_robots_index":""},"product_brand":[],"product_cat":[22],"product_tag":[],"class_list":{"0":"post-1437","1":"product","2":"type-product","3":"status-publish","4":"has-post-thumbnail","6":"product_cat-wine-cooler-manufacturer","7":"pa_installation-type-built-in","8":"pa_installation-type-freestanding","9":"pa_number-of-temperature-zones-dual-zone","11":"first","12":"onbackorder","13":"shipping-taxable","14":"product-type-simple"},"acf":[],"_links":{"self":[{"href":"https:\/\/sunnaidryager.com\/fr\/wp-json\/wp\/v2\/product\/1437","targetHints":{"allow":["GET"]}}],"collection":[{"href":"https:\/\/sunnaidryager.com\/fr\/wp-json\/wp\/v2\/product"}],"about":[{"href":"https:\/\/sunnaidryager.com\/fr\/wp-json\/wp\/v2\/types\/product"}],"wp:featuredmedia":[{"embeddable":true,"href":"https:\/\/sunnaidryager.com\/fr\/wp-json\/wp\/v2\/media\/1405"}],"wp:attachment":[{"href":"https:\/\/sunnaidryager.com\/fr\/wp-json\/wp\/v2\/media?parent=1437"}],"wp:term":[{"taxonomy":"product_brand","embeddable":true,"href":"https:\/\/sunnaidryager.com\/fr\/wp-json\/wp\/v2\/product_brand?post=1437"},{"taxonomy":"product_cat","embeddable":true,"href":"https:\/\/sunnaidryager.com\/fr\/wp-json\/wp\/v2\/product_cat?post=1437"},{"taxonomy":"product_tag","embeddable":true,"href":"https:\/\/sunnaidryager.com\/fr\/wp-json\/wp\/v2\/product_tag?post=1437"}],"curies":[{"name":"wp","href":"https:\/\/api.w.org\/{rel}","templated":true}]}}