{"id":1440,"date":"2023-12-13T21:54:46","date_gmt":"2023-12-14T05:54:46","guid":{"rendered":"https:\/\/sunnaidryager.com\/?post_type=product&#038;p=1440"},"modified":"2024-03-08T01:23:59","modified_gmt":"2024-03-08T09:23:59","slug":"prix-fournisseur-refrigerateur-a-vin-vertical-autonome-a-deux-zones","status":"publish","type":"product","link":"https:\/\/sunnaidryager.com\/fr\/produit\/prix-fournisseur-refrigerateur-a-vin-vertical-autonome-a-deux-zones\/","title":{"rendered":"Prix du fournisseur R\u00e9frig\u00e9rateur \u00e0 vin vertical autonome \u00e0 deux zones"},"content":{"rendered":"","protected":false},"excerpt":{"rendered":"<p>Mod\u00e8le : SW-24<\/p>","protected":false},"featured_media":1406,"template":"","meta":{"_acf_changed":false,"_seopress_robots_primary_cat":"none","_seopress_titles_title":"","_seopress_titles_desc":"","_seopress_robots_index":""},"product_brand":[],"product_cat":[22],"product_tag":[],"class_list":{"0":"post-1440","1":"product","2":"type-product","3":"status-publish","4":"has-post-thumbnail","6":"product_cat-wine-cooler-manufacturer","7":"pa_installation-type-freestanding","8":"pa_number-of-temperature-zones-dual-zone","10":"first","11":"onbackorder","12":"shipping-taxable","13":"product-type-simple"},"acf":[],"_links":{"self":[{"href":"https:\/\/sunnaidryager.com\/fr\/wp-json\/wp\/v2\/product\/1440","targetHints":{"allow":["GET"]}}],"collection":[{"href":"https:\/\/sunnaidryager.com\/fr\/wp-json\/wp\/v2\/product"}],"about":[{"href":"https:\/\/sunnaidryager.com\/fr\/wp-json\/wp\/v2\/types\/product"}],"wp:featuredmedia":[{"embeddable":true,"href":"https:\/\/sunnaidryager.com\/fr\/wp-json\/wp\/v2\/media\/1406"}],"wp:attachment":[{"href":"https:\/\/sunnaidryager.com\/fr\/wp-json\/wp\/v2\/media?parent=1440"}],"wp:term":[{"taxonomy":"product_brand","embeddable":true,"href":"https:\/\/sunnaidryager.com\/fr\/wp-json\/wp\/v2\/product_brand?post=1440"},{"taxonomy":"product_cat","embeddable":true,"href":"https:\/\/sunnaidryager.com\/fr\/wp-json\/wp\/v2\/product_cat?post=1440"},{"taxonomy":"product_tag","embeddable":true,"href":"https:\/\/sunnaidryager.com\/fr\/wp-json\/wp\/v2\/product_tag?post=1440"}],"curies":[{"name":"wp","href":"https:\/\/api.w.org\/{rel}","templated":true}]}}