{"id":2206,"date":"2024-01-03T20:04:05","date_gmt":"2024-01-04T04:04:05","guid":{"rendered":"https:\/\/sunnaidryager.com\/?post_type=product&#038;p=2206"},"modified":"2024-08-21T02:12:21","modified_gmt":"2024-08-21T10:12:21","slug":"cave-a-vin-a-double-porte-120-bouteilles-a-double-zone-et-a-controle-independant","status":"publish","type":"product","link":"https:\/\/sunnaidryager.com\/fr\/produit\/cave-a-vin-a-double-porte-120-bouteilles-a-double-zone-et-a-controle-independant\/","title":{"rendered":"Cave \u00e0 vin r\u00e9frig\u00e9r\u00e9e \u00e0 double porte, 120 bouteilles, double zone, contr\u00f4le ind\u00e9pendant"},"content":{"rendered":"<p>CARACT\u00c9RISTIQUES DE LA PORTE<\/p>\n<p>Style de porte : Des portes en verre noir et en acier inoxydable sont disponibles<\/p>\n<p>Style de poign\u00e9e de porte : tubulaire ou incurv\u00e9e<\/p>\n<p>Dimensions : P645 x L595 x H1762 mm (P25,3 \u00d7 23,4 \u00d7 69,3 pouces)<\/p>\n<p>Poids brut : 112 kg<\/p>\n<p>Poids net : 102 kg<\/p>\n<p>Chargement : 24 pi\u00e8ces\/20GP ; 54 pi\u00e8ces\/40HQ<\/p>\n<p>Style d&#039;\u00e9tag\u00e8re : 10 \u00e9tag\u00e8res en bois de h\u00eatre<\/p>\n<p>Mat\u00e9riau des \u00e9tag\u00e8res : Beachwood<\/p>\n<p>Type d&#039;installation : Autonome ou encastr\u00e9<\/p>\n<p>Capacit\u00e9 : 120 bouteilles de vin<\/p>\n<p>Volume : 300 L<\/p>\n<p>Capacit\u00e9 de chargement : 122 bouteilles<\/p>\n<p>Classe d&#039;efficacit\u00e9 \u00e9nerg\u00e9tique : G<\/p>\n<p>Option : cadre de porte, poign\u00e9e, type d&#039;\u00e9clairage, type de commande, et plus encore.<\/p>","protected":false},"excerpt":{"rendered":"<ul>\n<li><span style=\"color: #808080;\"><span style=\"vertical-align: inherit;\">Mod\u00e8le : SW-120<\/span><\/span><\/li>\n<li><span style=\"color: #808080;\"><strong>D\u00e9crire:<\/strong> Il s&#039;agit d&#039;un refroidisseur \u00e0 vin refroidi par compression pouvant contenir jusqu&#039;\u00e0 122 bouteilles de vin standard de 750 ml, avec des cadres de porte, des poign\u00e9es, des boutons, des logos personnalis\u00e9s et plus encore en option.<\/span><\/li>\n<li><strong><span style=\"color: #808080;\">Fonctionnalit\u00e9:<\/span><\/strong><\/li>\n<li><span style=\"color: #808080;\">Type de refroidissement : compresseur<\/span><\/li>\n<li><span style=\"color: #808080;\">R\u00e9frig\u00e9rant : R600a\/R134a<\/span><\/li>\n<li><span style=\"color: #808080;\">Zone sup\u00e9rieure : 5-20 \u2103\/41-68 \u2109<\/span><\/li>\n<li><span style=\"color: #808080;\">Zone inf\u00e9rieure : 5-20\u2103\/41-68\u2109<\/span><\/li>\n<li><span style=\"color: #808080;\">Type de contr\u00f4le de la temp\u00e9rature : tactile \u00e9lectronique (le bouton est en option)<\/span><\/li>\n<li><span style=\"color: #808080;\">Type de d\u00e9givrage : D\u00e9givrage automatique<\/span><\/li>\n<li><span style=\"color: #808080;\">Serrure et cl\u00e9 : oui <\/span><\/li>\n<li><span style=\"color: #808080;\">Verre tremp\u00e9 : Oui<\/span><\/li>\n<\/ul>","protected":false},"featured_media":1928,"template":"","meta":{"_acf_changed":false,"_seopress_robots_primary_cat":"none","_seopress_titles_title":"","_seopress_titles_desc":"","_seopress_robots_index":""},"product_brand":[],"product_cat":[22],"product_tag":[],"class_list":{"0":"post-2206","1":"product","2":"type-product","3":"status-publish","4":"has-post-thumbnail","6":"product_cat-wine-cooler-manufacturer","7":"pa_installation-type-built-in","8":"pa_installation-type-freestanding","9":"pa_number-of-temperature-zones-dual-zone","11":"first","12":"instock","13":"shipping-taxable","14":"product-type-simple"},"acf":[],"_links":{"self":[{"href":"https:\/\/sunnaidryager.com\/fr\/wp-json\/wp\/v2\/product\/2206","targetHints":{"allow":["GET"]}}],"collection":[{"href":"https:\/\/sunnaidryager.com\/fr\/wp-json\/wp\/v2\/product"}],"about":[{"href":"https:\/\/sunnaidryager.com\/fr\/wp-json\/wp\/v2\/types\/product"}],"wp:featuredmedia":[{"embeddable":true,"href":"https:\/\/sunnaidryager.com\/fr\/wp-json\/wp\/v2\/media\/1928"}],"wp:attachment":[{"href":"https:\/\/sunnaidryager.com\/fr\/wp-json\/wp\/v2\/media?parent=2206"}],"wp:term":[{"taxonomy":"product_brand","embeddable":true,"href":"https:\/\/sunnaidryager.com\/fr\/wp-json\/wp\/v2\/product_brand?post=2206"},{"taxonomy":"product_cat","embeddable":true,"href":"https:\/\/sunnaidryager.com\/fr\/wp-json\/wp\/v2\/product_cat?post=2206"},{"taxonomy":"product_tag","embeddable":true,"href":"https:\/\/sunnaidryager.com\/fr\/wp-json\/wp\/v2\/product_tag?post=2206"}],"curies":[{"name":"wp","href":"https:\/\/api.w.org\/{rel}","templated":true}]}}