{"id":2209,"date":"2024-01-03T22:13:13","date_gmt":"2024-01-04T06:13:13","guid":{"rendered":"https:\/\/sunnaidryager.com\/?post_type=product&#038;p=2209"},"modified":"2024-05-30T01:07:00","modified_gmt":"2024-05-30T09:07:00","slug":"refrigerateur-a-vin-autonome-avec-porte-en-acier-inoxydable-pour-126-bouteilles","status":"publish","type":"product","link":"https:\/\/sunnaidryager.com\/fr\/produit\/refrigerateur-a-vin-autonome-avec-porte-en-acier-inoxydable-pour-126-bouteilles\/","title":{"rendered":"Cave \u00e0 vin 126 bouteilles avec porte en acier inoxydable, pose libre"},"content":{"rendered":"<p>CARACT\u00c9RISTIQUES DE LA PORTE<\/p>\n<p>Style de porte : Des portes en verre noir et en acier inoxydable sont disponibles<\/p>\n<p>Style de poign\u00e9e de porte : tubulaire ou incurv\u00e9e<\/p>\n<p>Dimensions : 595*585*1585 (mm) \/ 23,43*23,03*62,40 (pouces)<\/p>\n<p>Poids brut : 75 kg<\/p>\n<p>Poids net : 70 kg<\/p>\n<p>Chargement : 27 pi\u00e8ces\/20GP ; 54 pi\u00e8ces\/40HQ<\/p>\n<p>Style d&#039;\u00e9tag\u00e8re : 7 \u00e9tag\u00e8res en bois de h\u00eatre<\/p>\n<p>Mat\u00e9riau des \u00e9tag\u00e8res : Beachwood<\/p>\n<p>Type d&#039;installation : Autonome<\/p>\n<p>Capacit\u00e9 : 126 bouteilles de vin<\/p>\n<p>Volume : 350 L<\/p>\n<p>Classe d&#039;efficacit\u00e9 \u00e9nerg\u00e9tique : G<\/p>\n<p>Option : cadre de porte, poign\u00e9e, type d&#039;\u00e9clairage, type de commande, et plus encore.<\/p>","protected":false},"excerpt":{"rendered":"<ul>\n<li><span style=\"color: #808080;\"><span style=\"vertical-align: inherit;\">Mod\u00e8le : SW-126<\/span><\/span><\/li>\n<li><span style=\"color: #808080;\"><strong>D\u00e9crire:<\/strong> Il s&#039;agit d&#039;un refroidisseur \u00e0 vin refroidi par compression pouvant contenir jusqu&#039;\u00e0 126 bouteilles de vin standard de 750 ml, avec des cadres de porte, des poign\u00e9es, des boutons, des logos personnalis\u00e9s et plus encore en option.<\/span><\/li>\n<li><strong><span style=\"color: #808080;\">Fonctionnalit\u00e9:<\/span><\/strong><\/li>\n<li><span style=\"color: #808080;\">Type de refroidissement : compresseur<\/span><\/li>\n<li><span style=\"color: #808080;\">R\u00e9frig\u00e9rant : R600a\/R134a<\/span><\/li>\n<li><span style=\"color: #808080;\">Zone sup\u00e9rieure : 5-20 \u2103\/41-68 \u2109<\/span><\/li>\n<li><span style=\"color: #808080;\">Zone inf\u00e9rieure : 5-20\u2103\/41-68\u2109<\/span><\/li>\n<li><span style=\"color: #808080;\">Type de contr\u00f4le de la temp\u00e9rature : tactile \u00e9lectronique (le bouton est en option)<\/span><\/li>\n<li><span style=\"color: #808080;\">Type de d\u00e9givrage : D\u00e9givrage automatique<\/span><\/li>\n<li><span style=\"color: #808080;\">Serrure et cl\u00e9 : oui <\/span><\/li>\n<li><span style=\"color: #808080;\">Verre tremp\u00e9 : Oui<\/span><\/li>\n<\/ul>","protected":false},"featured_media":1941,"template":"","meta":{"_acf_changed":false,"_seopress_robots_primary_cat":"none","_seopress_titles_title":"","_seopress_titles_desc":"","_seopress_robots_index":""},"product_brand":[],"product_cat":[22],"product_tag":[],"class_list":{"0":"post-2209","1":"product","2":"type-product","3":"status-publish","4":"has-post-thumbnail","6":"product_cat-wine-cooler-manufacturer","7":"pa_installation-type-freestanding","8":"pa_number-of-temperature-zones-dual-zone","10":"first","11":"instock","12":"shipping-taxable","13":"product-type-simple"},"acf":[],"_links":{"self":[{"href":"https:\/\/sunnaidryager.com\/fr\/wp-json\/wp\/v2\/product\/2209","targetHints":{"allow":["GET"]}}],"collection":[{"href":"https:\/\/sunnaidryager.com\/fr\/wp-json\/wp\/v2\/product"}],"about":[{"href":"https:\/\/sunnaidryager.com\/fr\/wp-json\/wp\/v2\/types\/product"}],"wp:featuredmedia":[{"embeddable":true,"href":"https:\/\/sunnaidryager.com\/fr\/wp-json\/wp\/v2\/media\/1941"}],"wp:attachment":[{"href":"https:\/\/sunnaidryager.com\/fr\/wp-json\/wp\/v2\/media?parent=2209"}],"wp:term":[{"taxonomy":"product_brand","embeddable":true,"href":"https:\/\/sunnaidryager.com\/fr\/wp-json\/wp\/v2\/product_brand?post=2209"},{"taxonomy":"product_cat","embeddable":true,"href":"https:\/\/sunnaidryager.com\/fr\/wp-json\/wp\/v2\/product_cat?post=2209"},{"taxonomy":"product_tag","embeddable":true,"href":"https:\/\/sunnaidryager.com\/fr\/wp-json\/wp\/v2\/product_tag?post=2209"}],"curies":[{"name":"wp","href":"https:\/\/api.w.org\/{rel}","templated":true}]}}