{"id":2304,"date":"2024-01-08T20:00:34","date_gmt":"2024-01-09T04:00:34","guid":{"rendered":"https:\/\/sunnaidryager.com\/?post_type=product&#038;p=2304"},"modified":"2024-04-11T00:55:52","modified_gmt":"2024-04-11T08:55:52","slug":"cave-a-vin-encastree-autonome-de-171-bouteilles-a-deux-zones","status":"publish","type":"product","link":"https:\/\/sunnaidryager.com\/fr\/produit\/cave-a-vin-encastree-autonome-de-171-bouteilles-a-deux-zones\/","title":{"rendered":"Cave \u00e0 vin encastr\u00e9e autonome \u00e0 deux zones pour 171 bouteilles"},"content":{"rendered":"<p><strong>CARACT\u00c9RISTIQUES DE LA PORTE<\/strong><\/p>\n<p>Style de porte : Des portes en verre noir et en acier inoxydable sont disponibles<\/p>\n<p>Style de poign\u00e9e de porte : tubulaire ou incurv\u00e9e<\/p>\n<p>Dimensions : 595*680*1850 (mm) \/ 23,4*26,7*72,8 pouces<\/p>\n<p>Poids brut : 97 kg<\/p>\n<p>Poids net : 90 kg<\/p>\n<p>Chargement : 24 pi\u00e8ces\/20GP ; 54 pi\u00e8ces\/40HQ<\/p>\n<p>Style d&#039;\u00e9tag\u00e8re : 1 \u00e9tag\u00e8re inf\u00e9rieure + 8 \u00e9tag\u00e8res sup\u00e9rieures<\/p>\n<p>Mat\u00e9riau des \u00e9tag\u00e8res : Beachwood<\/p>\n<p>Type d&#039;installation : Autonome ou encastr\u00e9<\/p>\n<p>Capacit\u00e9 : 171 bouteilles de vin<\/p>\n<p>Volume : 380 L<\/p>\n<p>Classe d&#039;efficacit\u00e9 \u00e9nerg\u00e9tique : G\/F<\/p>\n<p>Option : cadre de porte, poign\u00e9e, type d&#039;\u00e9clairage, type de commande, et plus encore.<\/p>","protected":false},"excerpt":{"rendered":"<ul>\n<li>Mod\u00e8le : SW-215<\/li>\n<li>D\u00e9crivez : Il s&#039;agit d&#039;un refroidisseur \u00e0 vin refroidi par compression pouvant contenir jusqu&#039;\u00e0 171 bouteilles de vin standard de 750 ml, avec des cadres de porte, des poign\u00e9es, des boutons, des logos personnalis\u00e9s et plus encore en option.<\/li>\n<li>Fonctionnalit\u00e9:<\/li>\n<li>Type de refroidissement : compresseur<\/li>\n<li>R\u00e9frig\u00e9rant : R600a\/R134a<\/li>\n<li>Zone sup\u00e9rieure : 5-20 \u2103\/41-68 \u2109<\/li>\n<li>Zone inf\u00e9rieure : 5-20\u2103\/41-68\u2109<\/li>\n<li>Type de contr\u00f4le de la temp\u00e9rature : tactile \u00e9lectronique (le bouton est en option)<\/li>\n<li>Type de d\u00e9givrage : D\u00e9givrage automatique<\/li>\n<li>Serrure et cl\u00e9 : oui<\/li>\n<li>Verre tremp\u00e9 : Oui<\/li>\n<\/ul>","protected":false},"featured_media":1996,"template":"","meta":{"_acf_changed":false,"_seopress_robots_primary_cat":"none","_seopress_titles_title":"","_seopress_titles_desc":"","_seopress_robots_index":""},"product_brand":[],"product_cat":[22],"product_tag":[],"class_list":{"0":"post-2304","1":"product","2":"type-product","3":"status-publish","4":"has-post-thumbnail","6":"product_cat-wine-cooler-manufacturer","7":"pa_installation-type-built-in","8":"pa_installation-type-freestanding","9":"pa_number-of-temperature-zones-dual-zone","11":"first","12":"instock","13":"shipping-taxable","14":"product-type-simple"},"acf":[],"_links":{"self":[{"href":"https:\/\/sunnaidryager.com\/fr\/wp-json\/wp\/v2\/product\/2304","targetHints":{"allow":["GET"]}}],"collection":[{"href":"https:\/\/sunnaidryager.com\/fr\/wp-json\/wp\/v2\/product"}],"about":[{"href":"https:\/\/sunnaidryager.com\/fr\/wp-json\/wp\/v2\/types\/product"}],"wp:featuredmedia":[{"embeddable":true,"href":"https:\/\/sunnaidryager.com\/fr\/wp-json\/wp\/v2\/media\/1996"}],"wp:attachment":[{"href":"https:\/\/sunnaidryager.com\/fr\/wp-json\/wp\/v2\/media?parent=2304"}],"wp:term":[{"taxonomy":"product_brand","embeddable":true,"href":"https:\/\/sunnaidryager.com\/fr\/wp-json\/wp\/v2\/product_brand?post=2304"},{"taxonomy":"product_cat","embeddable":true,"href":"https:\/\/sunnaidryager.com\/fr\/wp-json\/wp\/v2\/product_cat?post=2304"},{"taxonomy":"product_tag","embeddable":true,"href":"https:\/\/sunnaidryager.com\/fr\/wp-json\/wp\/v2\/product_tag?post=2304"}],"curies":[{"name":"wp","href":"https:\/\/api.w.org\/{rel}","templated":true}]}}