{"id":2586,"date":"2024-01-16T21:47:47","date_gmt":"2024-01-17T05:47:47","guid":{"rendered":"https:\/\/sunnaidryager.com\/?post_type=product&#038;p=2586"},"modified":"2024-05-30T00:36:45","modified_gmt":"2024-05-30T08:36:45","slug":"fabricant-chinois-petite-armoire-de-sechage-domestique","status":"publish","type":"product","link":"https:\/\/sunnaidryager.com\/fr\/produit\/fabricant-chinois-petite-armoire-de-sechage-domestique\/","title":{"rendered":"Petit r\u00e9frig\u00e9rateur de vieillissement \u00e0 sec de 75 L fabriqu\u00e9 en Chine"},"content":{"rendered":"<p>CARACT\u00c9RISTIQUES DE LA PORTE<\/p>\n<p>Style de porte : portes SS<\/p>\n<p>Style de poign\u00e9e de porte : tubulaire ou incurv\u00e9e<\/p>\n<p>Dimensions : L395 x H875 x P545 mm<\/p>\n<p>Poids brut : \/<\/p>\n<p>Poids net : 42 kg<\/p>\n<p>Chargement : 96 pi\u00e8ces\/20GP ; 200 pi\u00e8ces\/40HQ<\/p>\n<p>Style d&#039;\u00e9tag\u00e8re : 3 \u00e9tag\u00e8res<\/p>\n<p>Type d&#039;installation : Autonome<\/p>\n<p>Volume : 75 L<\/p>\n<p>Option : poign\u00e9e, type d&#039;\u00e9clairage, type de commande, et plus encore.<\/p>","protected":false},"excerpt":{"rendered":"<ul>\n<li>Mod\u00e8le : SN-75<\/li>\n<li><strong>Fonctionnalit\u00e9:<\/strong><\/li>\n<li><strong>Type de refroidissement<\/strong>: compresseur<\/li>\n<li><strong>R\u00e9frig\u00e9rant<\/strong>: R600a\/R134a<\/li>\n<li><strong>Contr\u00f4le de la temp\u00e9rature<\/strong>:2-14\u2103\/35,6-57,2\u2109<\/li>\n<li><strong>Plage d&#039;humidit\u00e9<\/strong>:50-85%<\/li>\n<li><strong>Type de contr\u00f4le de la temp\u00e9rature<\/strong>: tactile \u00e9lectronique (le bouton est facultatif)<\/li>\n<li><strong>Type de d\u00e9givrage<\/strong>: D\u00e9givrage automatique<\/li>\n<li><strong>Serrure et cl\u00e9<\/strong>: Oui<\/li>\n<li><strong>verre tremp\u00e9<\/strong>: Oui<\/li>\n<\/ul>","protected":false},"featured_media":2593,"template":"","meta":{"_acf_changed":false,"_seopress_robots_primary_cat":"none","_seopress_titles_title":"","_seopress_titles_desc":"","_seopress_robots_index":"yes"},"product_brand":[],"product_cat":[27],"product_tag":[],"class_list":{"0":"post-2586","1":"product","2":"type-product","3":"status-publish","4":"has-post-thumbnail","6":"product_cat-dry-age-fridge-manufacturer","8":"first","9":"instock","10":"shipping-taxable","11":"product-type-simple"},"acf":[],"_links":{"self":[{"href":"https:\/\/sunnaidryager.com\/fr\/wp-json\/wp\/v2\/product\/2586","targetHints":{"allow":["GET"]}}],"collection":[{"href":"https:\/\/sunnaidryager.com\/fr\/wp-json\/wp\/v2\/product"}],"about":[{"href":"https:\/\/sunnaidryager.com\/fr\/wp-json\/wp\/v2\/types\/product"}],"wp:featuredmedia":[{"embeddable":true,"href":"https:\/\/sunnaidryager.com\/fr\/wp-json\/wp\/v2\/media\/2593"}],"wp:attachment":[{"href":"https:\/\/sunnaidryager.com\/fr\/wp-json\/wp\/v2\/media?parent=2586"}],"wp:term":[{"taxonomy":"product_brand","embeddable":true,"href":"https:\/\/sunnaidryager.com\/fr\/wp-json\/wp\/v2\/product_brand?post=2586"},{"taxonomy":"product_cat","embeddable":true,"href":"https:\/\/sunnaidryager.com\/fr\/wp-json\/wp\/v2\/product_cat?post=2586"},{"taxonomy":"product_tag","embeddable":true,"href":"https:\/\/sunnaidryager.com\/fr\/wp-json\/wp\/v2\/product_tag?post=2586"}],"curies":[{"name":"wp","href":"https:\/\/api.w.org\/{rel}","templated":true}]}}