{"id":2607,"date":"2024-01-17T00:32:41","date_gmt":"2024-01-17T08:32:41","guid":{"rendered":"https:\/\/sunnaidryager.com\/?post_type=product&#038;p=2607"},"modified":"2024-05-10T23:42:18","modified_gmt":"2024-05-11T07:42:18","slug":"cuisine-sous-le-comptoir-boissons-bar-a-biere-mini-refrigerateur-exterieur","status":"publish","type":"product","link":"https:\/\/sunnaidryager.com\/fr\/produit\/cuisine-sous-le-comptoir-boissons-bar-a-biere-mini-refrigerateur-exterieur\/","title":{"rendered":"Cuisine sous le comptoir Boissons Bar \u00e0 bi\u00e8res Mini r\u00e9frig\u00e9rateur ext\u00e9rieur"},"content":{"rendered":"<p><strong>CARACT\u00c9RISTIQUES DE LA PORTE<\/strong><\/p>\n<p>Style de porte : Des portes en acier inoxydable sont disponibles<\/p>\n<p>Style de poign\u00e9e de porte : tubulaire ou incurv\u00e9e<\/p>\n<p>Dimensions : L430 x H690 x P507 mm<\/p>\n<p>Poids brut : 31 kg<\/p>\n<p>Poids net : 29 kg<\/p>\n<p>Chargement : 132 pi\u00e8ces\/20 GP ; 276 pi\u00e8ces\/40 HQ<\/p>\n<p>Style d&#039;\u00e9tag\u00e8re : 2 \u00e9tag\u00e8res<\/p>\n<p>Type d&#039;installation : Autonome ou encastr\u00e9<\/p>\n<p>Capacit\u00e9 : 80 canettes<\/p>\n<p>Volume : 63 L<\/p>\n<p>Classe d&#039;efficacit\u00e9 \u00e9nerg\u00e9tique : A<\/p>\n<p>Option : cadre de porte, poign\u00e9e, type d&#039;\u00e9clairage, type de commande, et plus encore.<\/p>","protected":false},"excerpt":{"rendered":"<ul>\n<li>Mod\u00e8le : Mod\u00e8le : SW-63<\/li>\n<li>Description\u00a0: Peut \u00eatre utilis\u00e9 avec des meubles assortis, pour des projets immobiliers, en int\u00e9rieur comme en ext\u00e9rieur. Indice d&#039;\u00e9tanch\u00e9it\u00e9\u00a0: IPX\u00a04.<\/li>\n<li>Fonctionnalit\u00e9:<\/li>\n<li>Type de refroidissement : compresseur R\u00e9frig\u00e9rant : R600a\/R134a<\/li>\n<li>Plage de contr\u00f4le de la temp\u00e9rature : 1-10\u2103\/33,8-50\u2109<\/li>\n<li>Type de contr\u00f4le : tactile \u00e9lectronique (bouton ou bouton en option)<\/li>\n<li>Serrure et cl\u00e9 : oui<\/li>\n<li>Verre tremp\u00e9 : Oui<\/li>\n<li>Application : Ext\u00e9rieur ou int\u00e9rieur<\/li>\n<\/ul>","protected":false},"featured_media":2610,"template":"","meta":{"_acf_changed":false,"_seopress_robots_primary_cat":"none","_seopress_titles_title":"","_seopress_titles_desc":"","_seopress_robots_index":""},"product_brand":[],"product_cat":[24,25],"product_tag":[],"class_list":{"0":"post-2607","1":"product","2":"type-product","3":"status-publish","4":"has-post-thumbnail","6":"product_cat-beverage-cooler-manufacturer","7":"product_cat-wholesale-outdoor-beverage-cooler","9":"first","10":"instock","11":"shipping-taxable","12":"product-type-simple"},"acf":[],"_links":{"self":[{"href":"https:\/\/sunnaidryager.com\/fr\/wp-json\/wp\/v2\/product\/2607","targetHints":{"allow":["GET"]}}],"collection":[{"href":"https:\/\/sunnaidryager.com\/fr\/wp-json\/wp\/v2\/product"}],"about":[{"href":"https:\/\/sunnaidryager.com\/fr\/wp-json\/wp\/v2\/types\/product"}],"wp:featuredmedia":[{"embeddable":true,"href":"https:\/\/sunnaidryager.com\/fr\/wp-json\/wp\/v2\/media\/2610"}],"wp:attachment":[{"href":"https:\/\/sunnaidryager.com\/fr\/wp-json\/wp\/v2\/media?parent=2607"}],"wp:term":[{"taxonomy":"product_brand","embeddable":true,"href":"https:\/\/sunnaidryager.com\/fr\/wp-json\/wp\/v2\/product_brand?post=2607"},{"taxonomy":"product_cat","embeddable":true,"href":"https:\/\/sunnaidryager.com\/fr\/wp-json\/wp\/v2\/product_cat?post=2607"},{"taxonomy":"product_tag","embeddable":true,"href":"https:\/\/sunnaidryager.com\/fr\/wp-json\/wp\/v2\/product_tag?post=2607"}],"curies":[{"name":"wp","href":"https:\/\/api.w.org\/{rel}","templated":true}]}}