{"id":2838,"date":"2024-03-01T02:49:18","date_gmt":"2024-03-01T10:49:18","guid":{"rendered":"https:\/\/sunnaidryager.com\/?post_type=product&#038;p=2838"},"modified":"2024-05-30T00:20:25","modified_gmt":"2024-05-30T08:20:25","slug":"refroidisseur-de-vieillissement-a-sec-pour-viande-de-boeuf-et-steak-noir-sunnai-supply-de-125-l","status":"publish","type":"product","link":"https:\/\/sunnaidryager.com\/fr\/produit\/refroidisseur-de-vieillissement-a-sec-pour-viande-de-boeuf-et-steak-noir-sunnai-supply-de-125-l\/","title":{"rendered":"Sunnai Supplier Refroidisseur de vieillissement \u00e0 sec autonome noir 125 L Viande B\u0153uf Steak Maturation"},"content":{"rendered":"<p>Style de porte : portes SS<\/p>\n<p>Style de poign\u00e9e de porte : tubulaire ou incurv\u00e9e<\/p>\n<p>Dimensions : L595 x H820 x P590 mm<\/p>\n<p>Poids brut : \/<\/p>\n<p>Poids net : 57 kg<\/p>\n<p>Chargement : 48 pi\u00e8ces\/20 GP ; 108 pi\u00e8ces\/40 HQ<\/p>\n<p>Style d&#039;\u00e9tag\u00e8re : 2 \u00e9tag\u00e8res<\/p>\n<p>Type d&#039;installation : Autonome ou encastr\u00e9<\/p>\n<p>Volume : 125 L<\/p>\n<p>Option : poign\u00e9e, type d&#039;\u00e9clairage, type de commande, et plus encore.<\/p>","protected":false},"excerpt":{"rendered":"<ul>\n<li>Mod\u00e8le : SN-125<\/li>\n<li>Fonctionnalit\u00e9:<\/li>\n<li>Type de refroidissement : compresseur<\/li>\n<li>R\u00e9frig\u00e9rant : R600a\/R134a<\/li>\n<li>Contr\u00f4le de la temp\u00e9rature : 2-14 \u2103\/35,6-57,2 \u2109<\/li>\n<li>Plage d&#039;humidit\u00e9 : 50-85%<\/li>\n<li>Type de contr\u00f4le de la temp\u00e9rature : tactile \u00e9lectronique (le bouton est en option)<\/li>\n<li>Type de d\u00e9givrage : D\u00e9givrage automatique<\/li>\n<li>Serrure et cl\u00e9 : oui<\/li>\n<li>Verre tremp\u00e9 : Oui<\/li>\n<li>Lumi\u00e8re UV : Oui<\/li>\n<\/ul>","protected":false},"featured_media":2841,"template":"","meta":{"_acf_changed":false,"_seopress_robots_primary_cat":"none","_seopress_titles_title":"","_seopress_titles_desc":"","_seopress_robots_index":""},"product_brand":[],"product_cat":[27],"product_tag":[],"class_list":{"0":"post-2838","1":"product","2":"type-product","3":"status-publish","4":"has-post-thumbnail","6":"product_cat-dry-age-fridge-manufacturer","8":"first","9":"instock","10":"shipping-taxable","11":"product-type-simple"},"acf":[],"_links":{"self":[{"href":"https:\/\/sunnaidryager.com\/fr\/wp-json\/wp\/v2\/product\/2838","targetHints":{"allow":["GET"]}}],"collection":[{"href":"https:\/\/sunnaidryager.com\/fr\/wp-json\/wp\/v2\/product"}],"about":[{"href":"https:\/\/sunnaidryager.com\/fr\/wp-json\/wp\/v2\/types\/product"}],"wp:featuredmedia":[{"embeddable":true,"href":"https:\/\/sunnaidryager.com\/fr\/wp-json\/wp\/v2\/media\/2841"}],"wp:attachment":[{"href":"https:\/\/sunnaidryager.com\/fr\/wp-json\/wp\/v2\/media?parent=2838"}],"wp:term":[{"taxonomy":"product_brand","embeddable":true,"href":"https:\/\/sunnaidryager.com\/fr\/wp-json\/wp\/v2\/product_brand?post=2838"},{"taxonomy":"product_cat","embeddable":true,"href":"https:\/\/sunnaidryager.com\/fr\/wp-json\/wp\/v2\/product_cat?post=2838"},{"taxonomy":"product_tag","embeddable":true,"href":"https:\/\/sunnaidryager.com\/fr\/wp-json\/wp\/v2\/product_tag?post=2838"}],"curies":[{"name":"wp","href":"https:\/\/api.w.org\/{rel}","templated":true}]}}