{"id":2877,"date":"2024-03-07T22:11:57","date_gmt":"2024-03-08T06:11:57","guid":{"rendered":"https:\/\/sunnaidryager.com\/?post_type=product&#038;p=2877"},"modified":"2024-08-21T01:59:19","modified_gmt":"2024-08-21T09:59:19","slug":"refrigerateur-a-boissons-exterieur-sous-comptoir-avec-porte-en-verre-en-acier-inoxydable-oem-304","status":"publish","type":"product","link":"https:\/\/sunnaidryager.com\/fr\/produit\/refrigerateur-a-boissons-exterieur-sous-comptoir-avec-porte-en-verre-en-acier-inoxydable-oem-304\/","title":{"rendered":"R\u00e9frig\u00e9rateur \u00e0 boissons sous comptoir ext\u00e9rieur avec porte vitr\u00e9e en acier inoxydable OEM 304"},"content":{"rendered":"<p>Capacit\u00e9 de la bouteille : 132 canettes<\/p>\n<p>Nombre d&#039;\u00e9tag\u00e8res : 3<\/p>\n<p>Arr\u00eat de porte automatique : Oui<\/p>\n<p>Verre prot\u00e9g\u00e9 contre les UV : Oui<\/p>\n<p>\u00c9clairage int\u00e9rieur : LED<\/p>\n<p>Poids net : 49 kg (108 lb)<\/p>\n<p>Poids brut : 53 kg (117 lb)<\/p>\n<p>Dimensions : P580xL595xH820 mm\/<br \/>\nD58,8 cm x L59,4 cm x H82,3 cm<\/p>\n<p>Technologie cool : technologie du compresseur<\/p>\n<p>R\u00e9frig\u00e9rant : R600a<\/p>\n<p>Indice de protection IP : IPX4<\/p>","protected":false},"excerpt":{"rendered":"<ul>\n<li>Mod\u00e8le : Mod\u00e8le : SY-51<\/li>\n<li>Description\u00a0: Peut \u00eatre utilis\u00e9 avec des meubles assortis, pour des projets immobiliers, en int\u00e9rieur comme en ext\u00e9rieur. Indice d&#039;\u00e9tanch\u00e9it\u00e9\u00a0: IPX\u00a04.<\/li>\n<li>Fonctionnalit\u00e9:<\/li>\n<li>Type de refroidissement : compresseur R\u00e9frig\u00e9rant : R600a\/R134a<\/li>\n<li>Plage de contr\u00f4le de la temp\u00e9rature : 0-10\u2103\/32-50\u2109<\/li>\n<li>Type de contr\u00f4le : tactile \u00e9lectronique (bouton ou bouton en option)<\/li>\n<li>Serrure et cl\u00e9 : oui<\/li>\n<li>Verre tremp\u00e9 : Oui<\/li>\n<li>Application : Ext\u00e9rieur ou int\u00e9rieur<\/li>\n<\/ul>","protected":false},"featured_media":2886,"template":"","meta":{"_acf_changed":false,"_seopress_robots_primary_cat":"none","_seopress_titles_title":"","_seopress_titles_desc":"","_seopress_robots_index":""},"product_brand":[],"product_cat":[24,25],"product_tag":[],"class_list":{"0":"post-2877","1":"product","2":"type-product","3":"status-publish","4":"has-post-thumbnail","6":"product_cat-beverage-cooler-manufacturer","7":"product_cat-wholesale-outdoor-beverage-cooler","9":"first","10":"instock","11":"shipping-taxable","12":"product-type-simple"},"acf":[],"_links":{"self":[{"href":"https:\/\/sunnaidryager.com\/fr\/wp-json\/wp\/v2\/product\/2877","targetHints":{"allow":["GET"]}}],"collection":[{"href":"https:\/\/sunnaidryager.com\/fr\/wp-json\/wp\/v2\/product"}],"about":[{"href":"https:\/\/sunnaidryager.com\/fr\/wp-json\/wp\/v2\/types\/product"}],"wp:featuredmedia":[{"embeddable":true,"href":"https:\/\/sunnaidryager.com\/fr\/wp-json\/wp\/v2\/media\/2886"}],"wp:attachment":[{"href":"https:\/\/sunnaidryager.com\/fr\/wp-json\/wp\/v2\/media?parent=2877"}],"wp:term":[{"taxonomy":"product_brand","embeddable":true,"href":"https:\/\/sunnaidryager.com\/fr\/wp-json\/wp\/v2\/product_brand?post=2877"},{"taxonomy":"product_cat","embeddable":true,"href":"https:\/\/sunnaidryager.com\/fr\/wp-json\/wp\/v2\/product_cat?post=2877"},{"taxonomy":"product_tag","embeddable":true,"href":"https:\/\/sunnaidryager.com\/fr\/wp-json\/wp\/v2\/product_tag?post=2877"}],"curies":[{"name":"wp","href":"https:\/\/api.w.org\/{rel}","templated":true}]}}