{"id":2919,"date":"2024-03-07T23:08:12","date_gmt":"2024-03-08T07:08:12","guid":{"rendered":"https:\/\/sunnaidryager.com\/?post_type=product&#038;p=2919"},"modified":"2025-04-22T17:22:21","modified_gmt":"2025-04-23T01:22:21","slug":"grand-refroidisseur-a-vin-et-a-boissons-a-compresseur-double-zone-de-365-l-fabrique-par-sunnai","status":"publish","type":"product","link":"https:\/\/sunnaidryager.com\/fr\/produit\/grand-refroidisseur-a-vin-et-a-boissons-a-compresseur-double-zone-de-365-l-fabrique-par-sunnai\/","title":{"rendered":"Sunnai Custom Wholesale Grand refroidisseur \u00e0 vin et \u00e0 boissons \u00e0 double porte de 365 L"},"content":{"rendered":"<p><strong>CARACT\u00c9RISTIQUES DE LA PORTE :<\/strong><br \/>\nStyle de porte : Porte enti\u00e8rement vitr\u00e9e<br \/>\nStyle de poign\u00e9e de porte : Poign\u00e9e incurv\u00e9e<br \/>\nType de porte : Porte-fen\u00eatre<\/p>\n<p>Emplacement de ventilation : en bas<\/p>\n<p><strong>DIMENSIONS ET CAPACIT\u00c9<\/strong><br \/>\nDimensions : P550xL890xH1627 mm<br \/>\nD55,9 cm x L89,9 cm x H162,6 cm<br \/>\nPoids brut : 124 kg (273 lb)<br \/>\nPoids net : 113 kg (249 lb)<br \/>\nVolume : 365 L (12,9 pi3)<br \/>\nCapacit\u00e9 : 60 bouteilles de vin + 174 canettes<br \/>\nCARACT\u00c9RISTIQUES DES \u00c9TAG\u00c8RES<br \/>\nStyle d&#039;\u00e9tag\u00e8re : 13 \u00e9tag\u00e8res m\u00e9talliques + 4 \u00e9tag\u00e8res m\u00e9talliques plates + 1 panier<br \/>\n\u00c9tag\u00e8re avec garniture en bois<br \/>\nMat\u00e9riau des \u00e9tag\u00e8res : Beachwood<br \/>\nExtension d&#039;\u00e9tag\u00e8re : 55%<\/p>\n<p>&nbsp;<\/p>","protected":false},"excerpt":{"rendered":"<ul>\n<li>Mod\u00e8le : SW-122<\/li>\n<li>D\u00e9crivez : Le produit peut \u00eatre personnalis\u00e9 et ajust\u00e9 en fonction de vos besoins, avec la possibilit\u00e9 que les deux zones soient des zones \u00e0 vin ou des zones \u00e0 boissons.<\/li>\n<li><strong>Fonctionnalit\u00e9:<\/strong><\/li>\n<li>Type de refroidissement : compresseur<\/li>\n<li>R\u00e9frig\u00e9rant : R600a\/R134a<\/li>\n<li>Zone gauche : 2-20 \u2103\/36-68 \u2109<\/li>\n<li>Zone droite : 2-20 \u2103\/36-68 \u2109<\/li>\n<li>Type de contr\u00f4le de la temp\u00e9rature : tactile \u00e9lectronique (le bouton est en option)<\/li>\n<li>Type de d\u00e9givrage : D\u00e9givrage automatique<\/li>\n<li>Serrure et cl\u00e9 : oui<\/li>\n<li>Verre tremp\u00e9 : Oui<\/li>\n<\/ul>","protected":false},"featured_media":3748,"template":"","meta":{"_acf_changed":false,"_seopress_robots_primary_cat":"none","_seopress_titles_title":"","_seopress_titles_desc":"","_seopress_robots_index":"yes"},"product_brand":[],"product_cat":[24,22],"product_tag":[],"class_list":{"0":"post-2919","1":"product","2":"type-product","3":"status-publish","4":"has-post-thumbnail","6":"product_cat-beverage-cooler-manufacturer","7":"product_cat-wine-cooler-manufacturer","8":"pa_installation-type-freestanding","9":"pa_number-of-temperature-zones-dual-zone","11":"first","12":"instock","13":"shipping-taxable","14":"product-type-simple"},"acf":[],"_links":{"self":[{"href":"https:\/\/sunnaidryager.com\/fr\/wp-json\/wp\/v2\/product\/2919","targetHints":{"allow":["GET"]}}],"collection":[{"href":"https:\/\/sunnaidryager.com\/fr\/wp-json\/wp\/v2\/product"}],"about":[{"href":"https:\/\/sunnaidryager.com\/fr\/wp-json\/wp\/v2\/types\/product"}],"wp:featuredmedia":[{"embeddable":true,"href":"https:\/\/sunnaidryager.com\/fr\/wp-json\/wp\/v2\/media\/3748"}],"wp:attachment":[{"href":"https:\/\/sunnaidryager.com\/fr\/wp-json\/wp\/v2\/media?parent=2919"}],"wp:term":[{"taxonomy":"product_brand","embeddable":true,"href":"https:\/\/sunnaidryager.com\/fr\/wp-json\/wp\/v2\/product_brand?post=2919"},{"taxonomy":"product_cat","embeddable":true,"href":"https:\/\/sunnaidryager.com\/fr\/wp-json\/wp\/v2\/product_cat?post=2919"},{"taxonomy":"product_tag","embeddable":true,"href":"https:\/\/sunnaidryager.com\/fr\/wp-json\/wp\/v2\/product_tag?post=2919"}],"curies":[{"name":"wp","href":"https:\/\/api.w.org\/{rel}","templated":true}]}}