{"id":3037,"date":"2024-04-11T01:02:47","date_gmt":"2024-04-11T09:02:47","guid":{"rendered":"https:\/\/sunnaidryager.com\/?post_type=product&#038;p=3037"},"modified":"2024-05-30T01:00:54","modified_gmt":"2024-05-30T09:00:54","slug":"refrigerateur-a-vin-a-compresseur-noir-de-171-bouteilles-avec-porte-entierement-vitree-et-controle-a-deux-zones","status":"publish","type":"product","link":"https:\/\/sunnaidryager.com\/fr\/produit\/refrigerateur-a-vin-a-compresseur-noir-de-171-bouteilles-avec-porte-entierement-vitree-et-controle-a-deux-zones\/","title":{"rendered":"R\u00e9frig\u00e9rateur \u00e0 vin \u00e0 compresseur noir \u00e0 double zone et porte enti\u00e8rement vitr\u00e9e pour 171 bouteilles"},"content":{"rendered":"<p><strong>CARACT\u00c9RISTIQUES DE LA PORTE<\/strong><\/p>\n<p>Style de porte : Des portes en verre noir et en acier inoxydable sont disponibles<\/p>\n<p>Style de poign\u00e9e de porte : tubulaire ou incurv\u00e9e<\/p>\n<p>Dimensions : 595 x 680 x 1850 mm<\/p>\n<p>Poids brut : 97 kg<\/p>\n<p>Poids net : 90 kg<\/p>\n<p>Chargement : 24 pi\u00e8ces\/20GP ; 54 pi\u00e8ces\/40HQ<\/p>\n<p>Style d&#039;\u00e9tag\u00e8re : 1 \u00e9tag\u00e8re inf\u00e9rieure + 8 \u00e9tag\u00e8res sup\u00e9rieures<\/p>\n<p>Mat\u00e9riau des \u00e9tag\u00e8res : Beachwood<\/p>\n<p>Type d&#039;installation : Autonome ou encastr\u00e9<\/p>\n<p>Capacit\u00e9 : 171 bouteilles de vin<\/p>\n<p>Volume : 380 L<\/p>\n<p>Classe d&#039;efficacit\u00e9 \u00e9nerg\u00e9tique : G\/F<\/p>\n<p>Option : cadre de porte, poign\u00e9e, type d&#039;\u00e9clairage, type de commande, et plus encore.<\/p>","protected":false},"excerpt":{"rendered":"<ul>\n<li>Mod\u00e8le : SW-215<\/li>\n<li>D\u00e9crivez : Il s&#039;agit d&#039;un refroidisseur \u00e0 vin \u00e0 compresseur pouvant contenir jusqu&#039;\u00e0 171 bouteilles de vin standard de 750 ml, avec des cadres de porte, des poign\u00e9es, des boutons, des logos personnalis\u00e9s et plus encore en option.<\/li>\n<li>Fonctionnalit\u00e9:<\/li>\n<li>Type de refroidissement : compresseur<\/li>\n<li>R\u00e9frig\u00e9rant : R600a\/R134a<\/li>\n<li>Zone sup\u00e9rieure : 5-20 \u2103\/41-68 \u2109<\/li>\n<li>Zone inf\u00e9rieure : 5-20\u2103\/41-68\u2109<\/li>\n<li>Type de contr\u00f4le de la temp\u00e9rature : tactile \u00e9lectronique (le bouton est en option)<\/li>\n<li>Type de d\u00e9givrage : D\u00e9givrage automatique<\/li>\n<li>Serrure et cl\u00e9 : oui<\/li>\n<li>Verre tremp\u00e9 : Oui<\/li>\n<\/ul>","protected":false},"featured_media":3041,"template":"","meta":{"_acf_changed":false,"_seopress_robots_primary_cat":"none","_seopress_titles_title":"","_seopress_titles_desc":"","_seopress_robots_index":""},"product_brand":[],"product_cat":[22],"product_tag":[],"class_list":{"0":"post-3037","1":"product","2":"type-product","3":"status-publish","4":"has-post-thumbnail","6":"product_cat-wine-cooler-manufacturer","7":"pa_installation-type-freestanding","8":"pa_number-of-temperature-zones-dual-zone","10":"first","11":"instock","12":"shipping-taxable","13":"product-type-simple"},"acf":[],"_links":{"self":[{"href":"https:\/\/sunnaidryager.com\/fr\/wp-json\/wp\/v2\/product\/3037","targetHints":{"allow":["GET"]}}],"collection":[{"href":"https:\/\/sunnaidryager.com\/fr\/wp-json\/wp\/v2\/product"}],"about":[{"href":"https:\/\/sunnaidryager.com\/fr\/wp-json\/wp\/v2\/types\/product"}],"wp:featuredmedia":[{"embeddable":true,"href":"https:\/\/sunnaidryager.com\/fr\/wp-json\/wp\/v2\/media\/3041"}],"wp:attachment":[{"href":"https:\/\/sunnaidryager.com\/fr\/wp-json\/wp\/v2\/media?parent=3037"}],"wp:term":[{"taxonomy":"product_brand","embeddable":true,"href":"https:\/\/sunnaidryager.com\/fr\/wp-json\/wp\/v2\/product_brand?post=3037"},{"taxonomy":"product_cat","embeddable":true,"href":"https:\/\/sunnaidryager.com\/fr\/wp-json\/wp\/v2\/product_cat?post=3037"},{"taxonomy":"product_tag","embeddable":true,"href":"https:\/\/sunnaidryager.com\/fr\/wp-json\/wp\/v2\/product_tag?post=3037"}],"curies":[{"name":"wp","href":"https:\/\/api.w.org\/{rel}","templated":true}]}}