{"id":3549,"date":"2024-05-23T18:47:09","date_gmt":"2024-05-24T02:47:09","guid":{"rendered":"https:\/\/sunnaidryager.com\/?post_type=product&#038;p=3549"},"modified":"2024-08-21T02:18:11","modified_gmt":"2024-08-21T10:18:11","slug":"refrigerateur-a-humidificateur-a-compresseur-electrique-en-cedre-espagnol-4-pieces","status":"publish","type":"product","link":"https:\/\/sunnaidryager.com\/fr\/produit\/refrigerateur-a-humidificateur-a-compresseur-electrique-en-cedre-espagnol-4-pieces\/","title":{"rendered":"R\u00e9frig\u00e9rateur \u00e0 humidificateur \u00e0 compresseur \u00e9lectrique en c\u00e8dre espagnol, 4 pi\u00e8ces"},"content":{"rendered":"","protected":false},"excerpt":{"rendered":"<ul>\n<li>Num\u00e9ro d&#039;article : SW-63X<\/li>\n<li>Type de produit : Cave \u00e0 cigares \u00e9lectronique<\/li>\n<li>Nombre d&#039;\u00e9tag\u00e8res : 4 pi\u00e8ces en c\u00e8dre espagnol<\/li>\n<li>\u00c9tag\u00e8res r\u00e9glables : Oui<\/li>\n<li>\u00c9clairage int\u00e9rieur : Lumi\u00e8re LED douce<\/li>\n<li>Temp.Range: 16\u00b0C-20\u00b0C(61&#8217;F -68&#8242;)<\/li>\n<li>Plage d&#039;humidit\u00e9 : 65%~75%<\/li>\n<li>Poids net : 32 kg (71 lb)<\/li>\n<li>Dimensions: D507xW430xH690 mm\/D20.1&#8243;xW16.9&#8243;xH27.2&#8243;<\/li>\n<li>Technologie cool : technologie du compresseur<\/li>\n<li>R\u00e9frig\u00e9rant : R600a<\/li>\n<\/ul>","protected":false},"featured_media":3556,"template":"","meta":{"_acf_changed":false,"_seopress_robots_primary_cat":"none","_seopress_titles_title":"","_seopress_titles_desc":"","_seopress_robots_index":""},"product_brand":[],"product_cat":[26],"product_tag":[],"class_list":{"0":"post-3549","1":"product","2":"type-product","3":"status-publish","4":"has-post-thumbnail","6":"product_cat-cigar-humidor-wholesale","8":"first","9":"instock","10":"shipping-taxable","11":"product-type-simple"},"acf":[],"_links":{"self":[{"href":"https:\/\/sunnaidryager.com\/fr\/wp-json\/wp\/v2\/product\/3549","targetHints":{"allow":["GET"]}}],"collection":[{"href":"https:\/\/sunnaidryager.com\/fr\/wp-json\/wp\/v2\/product"}],"about":[{"href":"https:\/\/sunnaidryager.com\/fr\/wp-json\/wp\/v2\/types\/product"}],"wp:featuredmedia":[{"embeddable":true,"href":"https:\/\/sunnaidryager.com\/fr\/wp-json\/wp\/v2\/media\/3556"}],"wp:attachment":[{"href":"https:\/\/sunnaidryager.com\/fr\/wp-json\/wp\/v2\/media?parent=3549"}],"wp:term":[{"taxonomy":"product_brand","embeddable":true,"href":"https:\/\/sunnaidryager.com\/fr\/wp-json\/wp\/v2\/product_brand?post=3549"},{"taxonomy":"product_cat","embeddable":true,"href":"https:\/\/sunnaidryager.com\/fr\/wp-json\/wp\/v2\/product_cat?post=3549"},{"taxonomy":"product_tag","embeddable":true,"href":"https:\/\/sunnaidryager.com\/fr\/wp-json\/wp\/v2\/product_tag?post=3549"}],"curies":[{"name":"wp","href":"https:\/\/api.w.org\/{rel}","templated":true}]}}