{"id":2607,"date":"2024-01-17T00:32:41","date_gmt":"2024-01-17T08:32:41","guid":{"rendered":"https:\/\/sunnaidryager.com\/?post_type=product&#038;p=2607"},"modified":"2024-05-10T23:42:18","modified_gmt":"2024-05-11T07:42:18","slug":"cucina-sottobanco-bevande-birra-bar-minifrigo-esterno","status":"publish","type":"product","link":"https:\/\/sunnaidryager.com\/it\/prodotto\/cucina-sottobanco-bevande-birra-bar-minifrigo-esterno\/","title":{"rendered":"Cucina Sottobanco Bevande Birra Bar Esterno Mini Frigo"},"content":{"rendered":"<p><strong>CARATTERISTICHE DELLA PORTA<\/strong><\/p>\n<p>Stile porta: sono disponibili porte SS<\/p>\n<p>Stile maniglia porta: tubolare o curva<\/p>\n<p>Dimensioni: L430xA690xP507 mm \/ L16,9\u2033xA27,2\u2033xP20,0\u2033<\/p>\n<p>Peso lordo: 31 kg<\/p>\n<p>Peso netto: 29 kg<\/p>\n<p>Caricamento: 132 pezzi\/20 GP; 276 pezzi\/40 HQ<\/p>\n<p>Stile scaffalatura: 2 ripiani<\/p>\n<p>Tipo di installazione: indipendente o da incasso<\/p>\n<p>Capacit\u00e0: 80 lattine<\/p>\n<p>Volume: 63L<\/p>\n<p>Classe di efficienza energetica: A<\/p>\n<p>Opzione: telaio della porta, maniglia, tipo di illuminazione, tipo di controllo e altro ancora.<\/p>","protected":false},"excerpt":{"rendered":"<ul>\n<li>Modello: Modello: SW-63<\/li>\n<li>Descrivi: Pu\u00f2 essere utilizzato con armadi coordinati, progetti immobiliari, interni ed esterni. Il grado di impermeabilit\u00e0 \u00e8 IPX 4<\/li>\n<li>Caratteristica:<\/li>\n<li>Tipo di raffreddamento: compressore Refrigerante: R600a\/R134a<\/li>\n<li>Intervallo di controllo della temperatura: 1-10\u2103\/33,8-50\u2109<\/li>\n<li>Tipo di controllo: tocco elettronico (pulsante o manopola opzionali)<\/li>\n<li>Lucchetto e chiave: s\u00ec<\/li>\n<li>Vetro temperato: S\u00ec<\/li>\n<li>Applicazione: Esterno o interno<\/li>\n<\/ul>","protected":false},"featured_media":2610,"template":"","meta":{"_acf_changed":false,"_seopress_robots_primary_cat":"none","_seopress_titles_title":"","_seopress_titles_desc":"","_seopress_robots_index":""},"product_brand":[],"product_cat":[24,25],"product_tag":[],"class_list":{"0":"post-2607","1":"product","2":"type-product","3":"status-publish","4":"has-post-thumbnail","6":"product_cat-beverage-cooler-manufacturer","7":"product_cat-wholesale-outdoor-beverage-cooler","9":"first","10":"instock","11":"shipping-taxable","12":"product-type-simple"},"acf":[],"_links":{"self":[{"href":"https:\/\/sunnaidryager.com\/it\/wp-json\/wp\/v2\/product\/2607","targetHints":{"allow":["GET"]}}],"collection":[{"href":"https:\/\/sunnaidryager.com\/it\/wp-json\/wp\/v2\/product"}],"about":[{"href":"https:\/\/sunnaidryager.com\/it\/wp-json\/wp\/v2\/types\/product"}],"wp:featuredmedia":[{"embeddable":true,"href":"https:\/\/sunnaidryager.com\/it\/wp-json\/wp\/v2\/media\/2610"}],"wp:attachment":[{"href":"https:\/\/sunnaidryager.com\/it\/wp-json\/wp\/v2\/media?parent=2607"}],"wp:term":[{"taxonomy":"product_brand","embeddable":true,"href":"https:\/\/sunnaidryager.com\/it\/wp-json\/wp\/v2\/product_brand?post=2607"},{"taxonomy":"product_cat","embeddable":true,"href":"https:\/\/sunnaidryager.com\/it\/wp-json\/wp\/v2\/product_cat?post=2607"},{"taxonomy":"product_tag","embeddable":true,"href":"https:\/\/sunnaidryager.com\/it\/wp-json\/wp\/v2\/product_tag?post=2607"}],"curies":[{"name":"wp","href":"https:\/\/api.w.org\/{rel}","templated":true}]}}