{"id":2877,"date":"2024-03-07T22:11:57","date_gmt":"2024-03-08T06:11:57","guid":{"rendered":"https:\/\/sunnaidryager.com\/?post_type=product&#038;p=2877"},"modified":"2024-08-21T01:59:19","modified_gmt":"2024-08-21T09:59:19","slug":"frigorifero-per-bevande-sottobanco-da-esterno-con-porta-in-vetro-in-acciaio-inox-304-oem","status":"publish","type":"product","link":"https:\/\/sunnaidryager.com\/it\/prodotto\/frigorifero-per-bevande-sottobanco-da-esterno-con-porta-in-vetro-in-acciaio-inox-304-oem\/","title":{"rendered":"Frigorifero per bevande sottobanco per esterni con porta in vetro in acciaio inossidabile OEM 304"},"content":{"rendered":"<p>Capacit\u00e0 della bottiglia: 132 lattine<\/p>\n<p>Numero di ripiani: 3<\/p>\n<p>Arresto automatico della porta: S\u00ec<\/p>\n<p>Vetro con protezione UV: S\u00ec<\/p>\n<p>Illuminazione interna: LED<\/p>\n<p>Peso netto: 49 kg (108 libbre)<\/p>\n<p>Peso lordo: 53 kg (117 libbre)<\/p>\n<p>Dimensioni: P580xL595xA820 mm\/<br \/>\nP22,8\u2033 x L23,4\u2033 x A32,3\u2033<\/p>\n<p>Tecnologia cool: tecnologia del compressore<\/p>\n<p>Refrigerante: R600a<\/p>\n<p>Grado di protezione IP: IPX4<\/p>","protected":false},"excerpt":{"rendered":"<ul>\n<li>Modello: Modello: SY-51<\/li>\n<li>Descrivi: Pu\u00f2 essere utilizzato con armadi coordinati, progetti immobiliari, interni ed esterni. Il grado di impermeabilit\u00e0 \u00e8 IPX 4<\/li>\n<li>Caratteristica:<\/li>\n<li>Tipo di raffreddamento: compressore Refrigerante: R600a\/R134a<\/li>\n<li>Intervallo di controllo della temperatura: 0-10\u2103\/32-50\u2109<\/li>\n<li>Tipo di controllo: tocco elettronico (pulsante o manopola opzionali)<\/li>\n<li>Lucchetto e chiave: s\u00ec<\/li>\n<li>Vetro temperato: S\u00ec<\/li>\n<li>Applicazione: Esterno o interno<\/li>\n<\/ul>","protected":false},"featured_media":2886,"template":"","meta":{"_acf_changed":false,"_seopress_robots_primary_cat":"none","_seopress_titles_title":"","_seopress_titles_desc":"","_seopress_robots_index":""},"product_brand":[],"product_cat":[24,25],"product_tag":[],"class_list":{"0":"post-2877","1":"product","2":"type-product","3":"status-publish","4":"has-post-thumbnail","6":"product_cat-beverage-cooler-manufacturer","7":"product_cat-wholesale-outdoor-beverage-cooler","9":"first","10":"instock","11":"shipping-taxable","12":"product-type-simple"},"acf":[],"_links":{"self":[{"href":"https:\/\/sunnaidryager.com\/it\/wp-json\/wp\/v2\/product\/2877","targetHints":{"allow":["GET"]}}],"collection":[{"href":"https:\/\/sunnaidryager.com\/it\/wp-json\/wp\/v2\/product"}],"about":[{"href":"https:\/\/sunnaidryager.com\/it\/wp-json\/wp\/v2\/types\/product"}],"wp:featuredmedia":[{"embeddable":true,"href":"https:\/\/sunnaidryager.com\/it\/wp-json\/wp\/v2\/media\/2886"}],"wp:attachment":[{"href":"https:\/\/sunnaidryager.com\/it\/wp-json\/wp\/v2\/media?parent=2877"}],"wp:term":[{"taxonomy":"product_brand","embeddable":true,"href":"https:\/\/sunnaidryager.com\/it\/wp-json\/wp\/v2\/product_brand?post=2877"},{"taxonomy":"product_cat","embeddable":true,"href":"https:\/\/sunnaidryager.com\/it\/wp-json\/wp\/v2\/product_cat?post=2877"},{"taxonomy":"product_tag","embeddable":true,"href":"https:\/\/sunnaidryager.com\/it\/wp-json\/wp\/v2\/product_tag?post=2877"}],"curies":[{"name":"wp","href":"https:\/\/api.w.org\/{rel}","templated":true}]}}